{"id":1532,"date":"2024-11-22T10:13:20","date_gmt":"2024-11-22T10:13:20","guid":{"rendered":"https:\/\/baldinistudio.hr\/?page_id=1532"},"modified":"2026-03-20T11:58:12","modified_gmt":"2026-03-20T11:58:12","slug":"kontakt","status":"publish","type":"page","link":"https:\/\/baldinistudio.hr\/en\/kontakt\/","title":{"rendered":"Contact"},"content":{"rendered":"<div data-elementor-type=\"wp-page\" data-elementor-id=\"1532\" class=\"elementor elementor-1532\" data-elementor-post-type=\"page\">\n\t\t\t\t<div class=\"elementor-element elementor-element-22f2f6c hero-section e-flex e-con-boxed e-con e-parent\" data-id=\"22f2f6c\" data-element_type=\"container\" data-e-type=\"container\" data-settings=\"{&quot;background_background&quot;:&quot;gradient&quot;,&quot;shape_divider_bottom&quot;:&quot;waves&quot;}\">\n\t\t\t\t\t<div class=\"e-con-inner\">\n\t\t\t\t<div class=\"elementor-shape elementor-shape-bottom\" aria-hidden=\"true\" data-negative=\"false\">\n\t\t\t<svg xmlns=\"http:\/\/www.w3.org\/2000\/svg\" viewbox=\"0 0 1000 100\" preserveaspectratio=\"none\">\n\t<path class=\"elementor-shape-fill\" d=\"M421.9,6.5c22.6-2.5,51.5,0.4,75.5,5.3c23.6,4.9,70.9,23.5,100.5,35.7c75.8,32.2,133.7,44.5,192.6,49.7\tc23.6,2.1,48.7,3.5,103.4-2.5c54.7-6,106.2-25.6,106.2-25.6V0H0v30.3c0,0,72,32.6,158.4,30.5c39.2-0.7,92.8-6.7,134-22.4\tc21.2-8.1,52.2-18.2,79.7-24.2C399.3,7.9,411.6,7.5,421.9,6.5z\"\/>\n<\/svg>\t\t<\/div>\n\t\t\t\t<div class=\"elementor-element elementor-element-f826e38 elementor-icon-list--layout-inline elementor-mobile-align-center elementor-list-item-link-full_width elementor-widget elementor-widget-icon-list\" data-id=\"f826e38\" data-element_type=\"widget\" data-e-type=\"widget\" data-widget_type=\"icon-list.default\">\n\t\t\t\t<div class=\"elementor-widget-container\">\n\t\t\t\t\t\t\t<ul class=\"elementor-icon-list-items elementor-inline-items\">\n\t\t\t\t\t\t\t<li class=\"elementor-icon-list-item elementor-inline-item\">\n\t\t\t\t\t\t\t\t\t\t\t<a href=\"https:\/\/baldinistudio.hr\/en\">\n\n\t\t\t\t\t\t\t\t\t\t\t<span class=\"elementor-icon-list-text\">Home<\/span>\n\t\t\t\t\t\t\t\t\t\t\t<\/a>\n\t\t\t\t\t\t\t\t\t<\/li>\n\t\t\t\t\t\t\t\t<li class=\"elementor-icon-list-item elementor-inline-item\">\n\t\t\t\t\t\t\t\t\t\t\t<span class=\"elementor-icon-list-icon\">\n\t\t\t\t\t\t\t<i aria-hidden=\"true\" class=\"ti-minus\"><\/i>\t\t\t\t\t\t<\/span>\n\t\t\t\t\t\t\t\t\t\t<span class=\"elementor-icon-list-text\">Contact<\/span>\n\t\t\t\t\t\t\t\t\t<\/li>\n\t\t\t\t\t\t<\/ul>\n\t\t\t\t\t\t<\/div>\n\t\t\t\t<\/div>\n\t\t\t\t<div class=\"elementor-element elementor-element-b446298 elementor-widget elementor-widget-heading\" data-id=\"b446298\" data-element_type=\"widget\" data-e-type=\"widget\" data-widget_type=\"heading.default\">\n\t\t\t\t<div class=\"elementor-widget-container\">\n\t\t\t\t\t<h2 class=\"elementor-heading-title elementor-size-default\">Contact<\/h2>\t\t\t\t<\/div>\n\t\t\t\t<\/div>\n\t\t\t\t<div class=\"elementor-element elementor-element-d82c889 elementor-widget__width-initial elementor-widget-tablet__width-inherit elementor-widget elementor-widget-text-editor\" data-id=\"d82c889\" data-element_type=\"widget\" data-e-type=\"widget\" data-widget_type=\"text-editor.default\">\n\t\t\t\t<div class=\"elementor-widget-container\">\n\t\t\t\t\t\t\t\t\t<p>For all inquiries and information we are available!<\/p>\t\t\t\t\t\t\t\t<\/div>\n\t\t\t\t<\/div>\n\t\t\t\t\t<\/div>\n\t\t\t\t<\/div>\n\t\t<div class=\"elementor-element elementor-element-0dd06f0 e-flex e-con-boxed e-con e-parent\" data-id=\"0dd06f0\" data-element_type=\"container\" data-e-type=\"container\">\n\t\t\t\t\t<div class=\"e-con-inner\">\n\t\t<div class=\"elementor-element elementor-element-94d8344 e-con-full e-flex e-con e-child\" data-id=\"94d8344\" data-element_type=\"container\" data-e-type=\"container\">\n\t\t<div class=\"elementor-element elementor-element-5c7527e e-con-full e-flex e-con e-child\" data-id=\"5c7527e\" data-element_type=\"container\" data-e-type=\"container\" data-settings=\"{&quot;background_background&quot;:&quot;gradient&quot;}\">\n\t\t\t\t<div class=\"elementor-element elementor-element-99d9e1f elementor-widget elementor-widget-heading\" data-id=\"99d9e1f\" data-element_type=\"widget\" data-e-type=\"widget\" data-widget_type=\"heading.default\">\n\t\t\t\t<div class=\"elementor-widget-container\">\n\t\t\t\t\t<h4 class=\"elementor-heading-title elementor-size-default\">Baldinistudio d.o.o.<\/h4>\t\t\t\t<\/div>\n\t\t\t\t<\/div>\n\t\t\t\t<div class=\"elementor-element elementor-element-3418a17 elementor-icon-list--layout-traditional elementor-list-item-link-full_width elementor-widget elementor-widget-icon-list\" data-id=\"3418a17\" data-element_type=\"widget\" data-e-type=\"widget\" data-widget_type=\"icon-list.default\">\n\t\t\t\t<div class=\"elementor-widget-container\">\n\t\t\t\t\t\t\t<ul class=\"elementor-icon-list-items\">\n\t\t\t\t\t\t\t<li class=\"elementor-icon-list-item\">\n\t\t\t\t\t\t\t\t\t\t<span class=\"elementor-icon-list-text\">Medve\u0161\u010dak 12, 10000 Zagreb, Croatia<\/span>\n\t\t\t\t\t\t\t\t\t<\/li>\n\t\t\t\t\t\t\t\t<li class=\"elementor-icon-list-item\">\n\t\t\t\t\t\t\t\t\t\t<span class=\"elementor-icon-list-text\">HR49090390961<\/span>\n\t\t\t\t\t\t\t\t\t<\/li>\n\t\t\t\t\t\t<\/ul>\n\t\t\t\t\t\t<\/div>\n\t\t\t\t<\/div>\n\t\t\t\t<\/div>\n\t\t<div class=\"elementor-element elementor-element-c8ee86a e-con-full e-flex e-con e-child\" data-id=\"c8ee86a\" data-element_type=\"container\" data-e-type=\"container\" data-settings=\"{&quot;background_background&quot;:&quot;gradient&quot;}\">\n\t\t\t\t<div class=\"elementor-element elementor-element-a371e58 elementor-widget elementor-widget-heading\" data-id=\"a371e58\" data-element_type=\"widget\" data-e-type=\"widget\" data-widget_type=\"heading.default\">\n\t\t\t\t<div class=\"elementor-widget-container\">\n\t\t\t\t\t<h4 class=\"elementor-heading-title elementor-size-default\">Sales<\/h4>\t\t\t\t<\/div>\n\t\t\t\t<\/div>\n\t\t\t\t<div class=\"elementor-element elementor-element-283de28 elementor-icon-list--layout-traditional elementor-list-item-link-full_width elementor-widget elementor-widget-icon-list\" data-id=\"283de28\" data-element_type=\"widget\" data-e-type=\"widget\" data-widget_type=\"icon-list.default\">\n\t\t\t\t<div class=\"elementor-widget-container\">\n\t\t\t\t\t\t\t<ul class=\"elementor-icon-list-items\">\n\t\t\t\t\t\t\t<li class=\"elementor-icon-list-item\">\n\t\t\t\t\t\t\t\t\t\t\t<a href=\"tel:+385%201%20466%202455\">\n\n\t\t\t\t\t\t\t\t\t\t\t<span class=\"elementor-icon-list-text\">+385 1 466 2455<\/span>\n\t\t\t\t\t\t\t\t\t\t\t<\/a>\n\t\t\t\t\t\t\t\t\t<\/li>\n\t\t\t\t\t\t\t\t<li class=\"elementor-icon-list-item\">\n\t\t\t\t\t\t\t\t\t\t\t<a href=\"mailto:info@baldinistudio.hr\">\n\n\t\t\t\t\t\t\t\t\t\t\t<span class=\"elementor-icon-list-text\">info@baldinistudio.hr<\/span>\n\t\t\t\t\t\t\t\t\t\t\t<\/a>\n\t\t\t\t\t\t\t\t\t<\/li>\n\t\t\t\t\t\t<\/ul>\n\t\t\t\t\t\t<\/div>\n\t\t\t\t<\/div>\n\t\t\t\t<\/div>\n\t\t<div class=\"elementor-element elementor-element-c879367 e-con-full e-flex e-con e-child\" data-id=\"c879367\" data-element_type=\"container\" data-e-type=\"container\" data-settings=\"{&quot;background_background&quot;:&quot;gradient&quot;}\">\n\t\t\t\t<div class=\"elementor-element elementor-element-2a0c847 elementor-widget elementor-widget-heading\" data-id=\"2a0c847\" data-element_type=\"widget\" data-e-type=\"widget\" data-widget_type=\"heading.default\">\n\t\t\t\t<div class=\"elementor-widget-container\">\n\t\t\t\t\t<h4 class=\"elementor-heading-title elementor-size-default\">Supporting<\/h4>\t\t\t\t<\/div>\n\t\t\t\t<\/div>\n\t\t\t\t<div class=\"elementor-element elementor-element-d0f9086 elementor-icon-list--layout-traditional elementor-list-item-link-full_width elementor-widget elementor-widget-icon-list\" data-id=\"d0f9086\" data-element_type=\"widget\" data-e-type=\"widget\" data-widget_type=\"icon-list.default\">\n\t\t\t\t<div class=\"elementor-widget-container\">\n\t\t\t\t\t\t\t<ul class=\"elementor-icon-list-items\">\n\t\t\t\t\t\t\t<li class=\"elementor-icon-list-item\">\n\t\t\t\t\t\t\t\t\t\t\t<a href=\"tel:+385%201%20375%207121\">\n\n\t\t\t\t\t\t\t\t\t\t\t<span class=\"elementor-icon-list-text\">+385 1 375 7121<\/span>\n\t\t\t\t\t\t\t\t\t\t\t<\/a>\n\t\t\t\t\t\t\t\t\t<\/li>\n\t\t\t\t\t\t\t\t<li class=\"elementor-icon-list-item\">\n\t\t\t\t\t\t\t\t\t\t\t<a href=\"\">\n\n\t\t\t\t\t\t\t\t\t\t\t<span class=\"elementor-icon-list-text\">hotline@baldinistudio.hr<\/span>\n\t\t\t\t\t\t\t\t\t\t\t<\/a>\n\t\t\t\t\t\t\t\t\t<\/li>\n\t\t\t\t\t\t\t\t<li class=\"elementor-icon-list-item\">\n\t\t\t\t\t\t\t\t\t\t\t<a href=\"https:\/\/help.baldinistudio.hr\/portal\/en\/signin\" target=\"_blank\">\n\n\t\t\t\t\t\t\t\t\t\t\t<span class=\"elementor-icon-list-text\">Support Portal<\/span>\n\t\t\t\t\t\t\t\t\t\t\t<\/a>\n\t\t\t\t\t\t\t\t\t<\/li>\n\t\t\t\t\t\t<\/ul>\n\t\t\t\t\t\t<\/div>\n\t\t\t\t<\/div>\n\t\t\t\t<\/div>\n\t\t\t\t<\/div>\n\t\t\t\t<div class=\"elementor-element elementor-element-65bb4a2 elementor-align-center elementor-widget elementor-widget-button\" data-id=\"65bb4a2\" data-element_type=\"widget\" data-e-type=\"widget\" data-widget_type=\"button.default\">\n\t\t\t\t<div class=\"elementor-widget-container\">\n\t\t\t\t\t\t\t\t\t<div class=\"elementor-button-wrapper\">\n\t\t\t\t\t<a class=\"elementor-button elementor-button-link elementor-size-sm elementor-animation-float\" href=\"https:\/\/zfrmz.eu\/f878LYj9xABdZMEzdyRT?zf_lang=hr\" target=\"_blank\">\n\t\t\t\t\t\t<span class=\"elementor-button-content-wrapper\">\n\t\t\t\t\t\t\t\t\t<span class=\"elementor-button-text\">Contact form<\/span>\n\t\t\t\t\t<\/span>\n\t\t\t\t\t<\/a>\n\t\t\t\t<\/div>\n\t\t\t\t\t\t\t\t<\/div>\n\t\t\t\t<\/div>\n\t\t\t\t\t<\/div>\n\t\t\t\t<\/div>\n\t\t\t\t<\/div>","protected":false},"excerpt":{"rendered":"<p>Po\u010detna Kontakt Kontakt Za sve upite i informacije stojimo na raspolaganju! Baldinistudio d.o.o. Medve\u0161\u010dak 12, 10000 Zagreb, Hrvatska OIB: HR49090390961 Prodaja +385 1 466 2455 info@baldinistudio.hr Podr\u0161ka +385 1 375 7121 hotline@baldinistudio.hr Portal za podr\u0161ku Kontakt formular<\/p>","protected":false},"author":1,"featured_media":0,"parent":0,"menu_order":0,"comment_status":"closed","ping_status":"closed","template":"","meta":{"_acf_changed":false,"footnotes":""},"class_list":["post-1532","page","type-page","status-publish","hentry"],"acf":[],"yoast_head":"<!-- This site is optimized with the Yoast SEO plugin v27.3 - https:\/\/yoast.com\/product\/yoast-seo-wordpress\/ -->\n<title>Kontakt - Baldinistudio<\/title>\n<meta name=\"robots\" content=\"index, follow, max-snippet:-1, max-image-preview:large, max-video-preview:-1\" \/>\n<link rel=\"canonical\" href=\"https:\/\/baldinistudio.hr\/en\/kontakt\/\" \/>\n<meta property=\"og:locale\" content=\"en_US\" \/>\n<meta property=\"og:type\" content=\"article\" \/>\n<meta property=\"og:title\" content=\"Kontakt - Baldinistudio\" \/>\n<meta property=\"og:description\" content=\"Po\u010detna Kontakt Kontakt Za sve upite i informacije stojimo na raspolaganju! Baldinistudio d.o.o. Medve\u0161\u010dak 12, 10000 Zagreb, Hrvatska OIB: HR49090390961 Prodaja +385 1 466 2455 info@baldinistudio.hr Podr\u0161ka +385 1 375 7121 hotline@baldinistudio.hr Portal za podr\u0161ku Kontakt formular\" \/>\n<meta property=\"og:url\" content=\"https:\/\/baldinistudio.hr\/en\/kontakt\/\" \/>\n<meta property=\"og:site_name\" content=\"Baldinistudio\" \/>\n<meta property=\"article:publisher\" content=\"https:\/\/www.facebook.com\/baldinistudio\/\" \/>\n<meta property=\"article:modified_time\" content=\"2026-03-20T11:58:12+00:00\" \/>\n<meta name=\"twitter:card\" content=\"summary_large_image\" \/>\n<meta name=\"twitter:label1\" content=\"Est. reading time\" \/>\n\t<meta name=\"twitter:data1\" content=\"1 minute\" \/>\n<script type=\"application\/ld+json\" class=\"yoast-schema-graph\">{\"@context\":\"https:\\\/\\\/schema.org\",\"@graph\":[{\"@type\":\"WebPage\",\"@id\":\"https:\\\/\\\/baldinistudio.hr\\\/kontakt\\\/\",\"url\":\"https:\\\/\\\/baldinistudio.hr\\\/kontakt\\\/\",\"name\":\"Kontakt - Baldinistudio\",\"isPartOf\":{\"@id\":\"https:\\\/\\\/baldinistudio.hr\\\/#website\"},\"datePublished\":\"2024-11-22T10:13:20+00:00\",\"dateModified\":\"2026-03-20T11:58:12+00:00\",\"breadcrumb\":{\"@id\":\"https:\\\/\\\/baldinistudio.hr\\\/kontakt\\\/#breadcrumb\"},\"inLanguage\":\"en-US\",\"potentialAction\":[{\"@type\":\"ReadAction\",\"target\":[\"https:\\\/\\\/baldinistudio.hr\\\/kontakt\\\/\"]}]},{\"@type\":\"BreadcrumbList\",\"@id\":\"https:\\\/\\\/baldinistudio.hr\\\/kontakt\\\/#breadcrumb\",\"itemListElement\":[{\"@type\":\"ListItem\",\"position\":1,\"name\":\"Home\",\"item\":\"https:\\\/\\\/baldinistudio.hr\\\/\"},{\"@type\":\"ListItem\",\"position\":2,\"name\":\"Kontakt\"}]},{\"@type\":\"WebSite\",\"@id\":\"https:\\\/\\\/baldinistudio.hr\\\/#website\",\"url\":\"https:\\\/\\\/baldinistudio.hr\\\/\",\"name\":\"Baldinistudio\",\"description\":\"The way BIM works\",\"publisher\":{\"@id\":\"https:\\\/\\\/baldinistudio.hr\\\/#organization\"},\"potentialAction\":[{\"@type\":\"SearchAction\",\"target\":{\"@type\":\"EntryPoint\",\"urlTemplate\":\"https:\\\/\\\/baldinistudio.hr\\\/?s={search_term_string}\"},\"query-input\":{\"@type\":\"PropertyValueSpecification\",\"valueRequired\":true,\"valueName\":\"search_term_string\"}}],\"inLanguage\":\"en-US\"},{\"@type\":\"Organization\",\"@id\":\"https:\\\/\\\/baldinistudio.hr\\\/#organization\",\"name\":\"Baldinistudio\",\"url\":\"https:\\\/\\\/baldinistudio.hr\\\/\",\"logo\":{\"@type\":\"ImageObject\",\"inLanguage\":\"en-US\",\"@id\":\"https:\\\/\\\/baldinistudio.hr\\\/#\\\/schema\\\/logo\\\/image\\\/\",\"url\":\"https:\\\/\\\/baldinistudio.hr\\\/wp-content\\\/uploads\\\/2024\\\/10\\\/baldinistudio_logo.png\",\"contentUrl\":\"https:\\\/\\\/baldinistudio.hr\\\/wp-content\\\/uploads\\\/2024\\\/10\\\/baldinistudio_logo.png\",\"width\":1038,\"height\":309,\"caption\":\"Baldinistudio\"},\"image\":{\"@id\":\"https:\\\/\\\/baldinistudio.hr\\\/#\\\/schema\\\/logo\\\/image\\\/\"},\"sameAs\":[\"https:\\\/\\\/www.facebook.com\\\/baldinistudio\\\/\",\"https:\\\/\\\/www.instagram.com\\\/baldinistudio\\\/?hl=en\",\"https:\\\/\\\/hr.linkedin.com\\\/company\\\/baldinistudio\"]}]}<\/script>\n<!-- \/ Yoast SEO plugin. -->","yoast_head_json":{"title":"Kontakt - Baldinistudio","robots":{"index":"index","follow":"follow","max-snippet":"max-snippet:-1","max-image-preview":"max-image-preview:large","max-video-preview":"max-video-preview:-1"},"canonical":"https:\/\/baldinistudio.hr\/en\/kontakt\/","og_locale":"en_US","og_type":"article","og_title":"Kontakt - Baldinistudio","og_description":"Po\u010detna Kontakt Kontakt Za sve upite i informacije stojimo na raspolaganju! Baldinistudio d.o.o. Medve\u0161\u010dak 12, 10000 Zagreb, Hrvatska OIB: HR49090390961 Prodaja +385 1 466 2455 info@baldinistudio.hr Podr\u0161ka +385 1 375 7121 hotline@baldinistudio.hr Portal za podr\u0161ku Kontakt formular","og_url":"https:\/\/baldinistudio.hr\/en\/kontakt\/","og_site_name":"Baldinistudio","article_publisher":"https:\/\/www.facebook.com\/baldinistudio\/","article_modified_time":"2026-03-20T11:58:12+00:00","twitter_card":"summary_large_image","twitter_misc":{"Est. reading time":"1 minute"},"schema":{"@context":"https:\/\/schema.org","@graph":[{"@type":"WebPage","@id":"https:\/\/baldinistudio.hr\/kontakt\/","url":"https:\/\/baldinistudio.hr\/kontakt\/","name":"Kontakt - Baldinistudio","isPartOf":{"@id":"https:\/\/baldinistudio.hr\/#website"},"datePublished":"2024-11-22T10:13:20+00:00","dateModified":"2026-03-20T11:58:12+00:00","breadcrumb":{"@id":"https:\/\/baldinistudio.hr\/kontakt\/#breadcrumb"},"inLanguage":"en-US","potentialAction":[{"@type":"ReadAction","target":["https:\/\/baldinistudio.hr\/kontakt\/"]}]},{"@type":"BreadcrumbList","@id":"https:\/\/baldinistudio.hr\/kontakt\/#breadcrumb","itemListElement":[{"@type":"ListItem","position":1,"name":"Home","item":"https:\/\/baldinistudio.hr\/"},{"@type":"ListItem","position":2,"name":"Kontakt"}]},{"@type":"WebSite","@id":"https:\/\/baldinistudio.hr\/#website","url":"https:\/\/baldinistudio.hr\/","name":"Baldinistudio","description":"The way BIM works","publisher":{"@id":"https:\/\/baldinistudio.hr\/#organization"},"potentialAction":[{"@type":"SearchAction","target":{"@type":"EntryPoint","urlTemplate":"https:\/\/baldinistudio.hr\/?s={search_term_string}"},"query-input":{"@type":"PropertyValueSpecification","valueRequired":true,"valueName":"search_term_string"}}],"inLanguage":"en-US"},{"@type":"Organization","@id":"https:\/\/baldinistudio.hr\/#organization","name":"Baldinistudio","url":"https:\/\/baldinistudio.hr\/","logo":{"@type":"ImageObject","inLanguage":"en-US","@id":"https:\/\/baldinistudio.hr\/#\/schema\/logo\/image\/","url":"https:\/\/baldinistudio.hr\/wp-content\/uploads\/2024\/10\/baldinistudio_logo.png","contentUrl":"https:\/\/baldinistudio.hr\/wp-content\/uploads\/2024\/10\/baldinistudio_logo.png","width":1038,"height":309,"caption":"Baldinistudio"},"image":{"@id":"https:\/\/baldinistudio.hr\/#\/schema\/logo\/image\/"},"sameAs":["https:\/\/www.facebook.com\/baldinistudio\/","https:\/\/www.instagram.com\/baldinistudio\/?hl=en","https:\/\/hr.linkedin.com\/company\/baldinistudio"]}]}},"_links":{"self":[{"href":"https:\/\/baldinistudio.hr\/en\/wp-json\/wp\/v2\/pages\/1532","targetHints":{"allow":["GET"]}}],"collection":[{"href":"https:\/\/baldinistudio.hr\/en\/wp-json\/wp\/v2\/pages"}],"about":[{"href":"https:\/\/baldinistudio.hr\/en\/wp-json\/wp\/v2\/types\/page"}],"author":[{"embeddable":true,"href":"https:\/\/baldinistudio.hr\/en\/wp-json\/wp\/v2\/users\/1"}],"replies":[{"embeddable":true,"href":"https:\/\/baldinistudio.hr\/en\/wp-json\/wp\/v2\/comments?post=1532"}],"version-history":[{"count":46,"href":"https:\/\/baldinistudio.hr\/en\/wp-json\/wp\/v2\/pages\/1532\/revisions"}],"predecessor-version":[{"id":4670,"href":"https:\/\/baldinistudio.hr\/en\/wp-json\/wp\/v2\/pages\/1532\/revisions\/4670"}],"wp:attachment":[{"href":"https:\/\/baldinistudio.hr\/en\/wp-json\/wp\/v2\/media?parent=1532"}],"curies":[{"name":"wp","href":"https:\/\/api.w.org\/{rel}","templated":true}]}}