{"id":2013,"date":"2025-01-08T12:02:35","date_gmt":"2025-01-08T12:02:35","guid":{"rendered":"https:\/\/baldinistudio.hr\/?page_id=2013"},"modified":"2025-02-17T13:53:31","modified_gmt":"2025-02-17T13:53:31","slug":"facility-management","status":"publish","type":"page","link":"https:\/\/baldinistudio.hr\/en\/facility-management\/","title":{"rendered":"Facility management"},"content":{"rendered":"<div data-elementor-type=\"wp-page\" data-elementor-id=\"2013\" class=\"elementor elementor-2013\" data-elementor-post-type=\"page\">\n\t\t\t\t<div class=\"elementor-element elementor-element-989bf6e hero-section e-flex e-con-boxed e-con e-parent\" data-id=\"989bf6e\" data-element_type=\"container\" data-e-type=\"container\" data-settings=\"{&quot;background_background&quot;:&quot;gradient&quot;,&quot;shape_divider_bottom&quot;:&quot;waves&quot;}\">\n\t\t\t\t\t<div class=\"e-con-inner\">\n\t\t\t\t<div class=\"elementor-shape elementor-shape-bottom\" aria-hidden=\"true\" data-negative=\"false\">\n\t\t\t<svg xmlns=\"http:\/\/www.w3.org\/2000\/svg\" viewbox=\"0 0 1000 100\" preserveaspectratio=\"none\">\n\t<path class=\"elementor-shape-fill\" d=\"M421.9,6.5c22.6-2.5,51.5,0.4,75.5,5.3c23.6,4.9,70.9,23.5,100.5,35.7c75.8,32.2,133.7,44.5,192.6,49.7\tc23.6,2.1,48.7,3.5,103.4-2.5c54.7-6,106.2-25.6,106.2-25.6V0H0v30.3c0,0,72,32.6,158.4,30.5c39.2-0.7,92.8-6.7,134-22.4\tc21.2-8.1,52.2-18.2,79.7-24.2C399.3,7.9,411.6,7.5,421.9,6.5z\"\/>\n<\/svg>\t\t<\/div>\n\t\t\t\t<div class=\"elementor-element elementor-element-79315b4 elementor-icon-list--layout-inline elementor-mobile-align-center elementor-list-item-link-full_width elementor-widget elementor-widget-icon-list\" data-id=\"79315b4\" data-element_type=\"widget\" data-e-type=\"widget\" data-widget_type=\"icon-list.default\">\n\t\t\t\t<div class=\"elementor-widget-container\">\n\t\t\t\t\t\t\t<ul class=\"elementor-icon-list-items elementor-inline-items\">\n\t\t\t\t\t\t\t<li class=\"elementor-icon-list-item elementor-inline-item\">\n\t\t\t\t\t\t\t\t\t\t\t<a href=\"https:\/\/baldinistudio.hr\/en\">\n\n\t\t\t\t\t\t\t\t\t\t\t<span class=\"elementor-icon-list-text\">Home<\/span>\n\t\t\t\t\t\t\t\t\t\t\t<\/a>\n\t\t\t\t\t\t\t\t\t<\/li>\n\t\t\t\t\t\t\t\t<li class=\"elementor-icon-list-item elementor-inline-item\">\n\t\t\t\t\t\t\t\t\t\t\t<span class=\"elementor-icon-list-icon\">\n\t\t\t\t\t\t\t<i aria-hidden=\"true\" class=\"ti-minus\"><\/i>\t\t\t\t\t\t<\/span>\n\t\t\t\t\t\t\t\t\t\t<span class=\"elementor-icon-list-text\">Facility management<\/span>\n\t\t\t\t\t\t\t\t\t<\/li>\n\t\t\t\t\t\t<\/ul>\n\t\t\t\t\t\t<\/div>\n\t\t\t\t<\/div>\n\t\t\t\t<div class=\"elementor-element elementor-element-44e38b4 elementor-widget elementor-widget-heading\" data-id=\"44e38b4\" data-element_type=\"widget\" data-e-type=\"widget\" data-widget_type=\"heading.default\">\n\t\t\t\t<div class=\"elementor-widget-container\">\n\t\t\t\t\t<h2 class=\"elementor-heading-title elementor-size-default\">Facility management<\/h2>\t\t\t\t<\/div>\n\t\t\t\t<\/div>\n\t\t\t\t\t<\/div>\n\t\t\t\t<\/div>\n\t\t<div class=\"elementor-element elementor-element-76e871e e-flex e-con-boxed e-con e-parent\" data-id=\"76e871e\" data-element_type=\"container\" data-e-type=\"container\" data-settings=\"{&quot;background_background&quot;:&quot;classic&quot;}\">\n\t\t\t\t\t<div class=\"e-con-inner\">\n\t\t<div class=\"elementor-element elementor-element-1ef2727 e-con-full e-flex e-con e-child\" data-id=\"1ef2727\" data-element_type=\"container\" data-e-type=\"container\">\n\t\t\t\t<div class=\"elementor-element elementor-element-163ca0f elementor-widget elementor-widget-heading\" data-id=\"163ca0f\" data-element_type=\"widget\" data-e-type=\"widget\" data-widget_type=\"heading.default\">\n\t\t\t\t<div class=\"elementor-widget-container\">\n\t\t\t\t\t<h2 class=\"elementor-heading-title elementor-size-default\">The future of property management is digital\n\n<\/h2>\t\t\t\t<\/div>\n\t\t\t\t<\/div>\n\t\t\t\t<\/div>\n\t\t<div class=\"elementor-element elementor-element-4aa0608 e-con-full e-flex e-con e-child\" data-id=\"4aa0608\" data-element_type=\"container\" data-e-type=\"container\">\n\t\t\t\t<div class=\"elementor-element elementor-element-49d0ca2 elementor-widget elementor-widget-text-editor\" data-id=\"49d0ca2\" data-element_type=\"widget\" data-e-type=\"widget\" data-widget_type=\"text-editor.default\">\n\t\t\t\t<div class=\"elementor-widget-container\">\n\t\t\t\t\t\t\t\t\t<p>In the dynamic world of real estate and buildings, success depends on the ability to adapt and optimize resources. Modern Facility and Real Estate Management tools such as DTWIN, ACCA Usbim and Simlab Sim-ON provide comprehensive solutions for managing technical maintenance, space use, IoT devices and energy efficiency.<\/p><p>Whether you are a property manager, real estate owner or investor, these solutions allow you to have a detailed overview and control over every aspect of your portfolio. The combination of advanced technologies, intuitive interfaces and integration with digital twins provides tools that save time, reduce costs and ensure superior service quality.<\/p><p>Improve your business and ensure sustainability with digital solutions for Facility and Real Estate Management.<\/p>\t\t\t\t\t\t\t\t<\/div>\n\t\t\t\t<\/div>\n\t\t\t\t<\/div>\n\t\t\t\t\t<\/div>\n\t\t\t\t<\/div>\n\t\t<div class=\"elementor-element elementor-element-6b1b457 e-flex e-con-boxed e-con e-parent\" data-id=\"6b1b457\" data-element_type=\"container\" data-e-type=\"container\" data-settings=\"{&quot;background_background&quot;:&quot;gradient&quot;}\">\n\t\t\t\t\t<div class=\"e-con-inner\">\n\t\t\t\t<div class=\"elementor-element elementor-element-97103cc elementor-widget elementor-widget-heading\" data-id=\"97103cc\" data-element_type=\"widget\" data-e-type=\"widget\" data-widget_type=\"heading.default\">\n\t\t\t\t<div class=\"elementor-widget-container\">\n\t\t\t\t\t<h2 class=\"elementor-heading-title elementor-size-default\">Products<\/h2>\t\t\t\t<\/div>\n\t\t\t\t<\/div>\n\t\t\t\t\t<\/div>\n\t\t\t\t<\/div>\n\t\t<div class=\"elementor-element elementor-element-867deb1 e-flex e-con-boxed e-con e-parent\" data-id=\"867deb1\" data-element_type=\"container\" data-e-type=\"container\" data-settings=\"{&quot;background_background&quot;:&quot;classic&quot;}\">\n\t\t\t\t\t<div class=\"e-con-inner\">\n\t\t<div class=\"elementor-element elementor-element-2c8ba26 e-con-full e-flex e-con e-child\" data-id=\"2c8ba26\" data-element_type=\"container\" data-e-type=\"container\">\n\t\t<div class=\"elementor-element elementor-element-44e468e e-con-full e-flex e-con e-child\" data-id=\"44e468e\" data-element_type=\"container\" data-e-type=\"container\">\n\t\t\t\t<div class=\"elementor-element elementor-element-630fcca elementor-position-top elementor-widget elementor-widget-image-box\" data-id=\"630fcca\" data-element_type=\"widget\" data-e-type=\"widget\" data-widget_type=\"image-box.default\">\n\t\t\t\t<div class=\"elementor-widget-container\">\n\t\t\t\t\t<div class=\"elementor-image-box-wrapper\"><figure class=\"elementor-image-box-img\"><a href=\"https:\/\/baldinistudio.hr\/en\/simlab-sim-on\/\" tabindex=\"-1\"><img fetchpriority=\"high\" decoding=\"async\" width=\"1200\" height=\"200\" src=\"https:\/\/baldinistudio.hr\/wp-content\/uploads\/2025\/01\/baldinistudio_simon.png\" class=\"attachment-full size-full wp-image-1998\" alt=\"\" srcset=\"https:\/\/baldinistudio.hr\/wp-content\/uploads\/2025\/01\/baldinistudio_simon.png 1200w, https:\/\/baldinistudio.hr\/wp-content\/uploads\/2025\/01\/baldinistudio_simon-600x100.png 600w, https:\/\/baldinistudio.hr\/wp-content\/uploads\/2025\/01\/baldinistudio_simon-300x50.png 300w, https:\/\/baldinistudio.hr\/wp-content\/uploads\/2025\/01\/baldinistudio_simon-1024x171.png 1024w, https:\/\/baldinistudio.hr\/wp-content\/uploads\/2025\/01\/baldinistudio_simon-768x128.png 768w\" sizes=\"(max-width: 1200px) 100vw, 1200px\" \/><\/a><\/figure><div class=\"elementor-image-box-content\"><p class=\"elementor-image-box-description\"><b>SIMLAB SIM-ON<\/b> it is an innovative platform that blends digital twin technology with IoT device management, enabling full control of smart homes and buildings through an intuitive 3D interface. This platform enables centralized management of all IoT devices, regardless of manufacturer, providing users with a simple and intuitive experience.<\/p><\/div><\/div>\t\t\t\t<\/div>\n\t\t\t\t<\/div>\n\t\t\t\t<\/div>\n\t\t<div class=\"elementor-element elementor-element-240b753 e-con-full e-flex e-con e-child\" data-id=\"240b753\" data-element_type=\"container\" data-e-type=\"container\">\n\t\t\t\t<div class=\"elementor-element elementor-element-e383337 elementor-position-top elementor-widget elementor-widget-image-box\" data-id=\"e383337\" data-element_type=\"widget\" data-e-type=\"widget\" data-widget_type=\"image-box.default\">\n\t\t\t\t<div class=\"elementor-widget-container\">\n\t\t\t\t\t<div class=\"elementor-image-box-wrapper\"><figure class=\"elementor-image-box-img\"><a href=\"https:\/\/baldinistudio.hr\/en\/dtwin\/\" tabindex=\"-1\"><img decoding=\"async\" width=\"1200\" height=\"200\" src=\"https:\/\/baldinistudio.hr\/wp-content\/uploads\/2025\/02\/dtwin_logo_program.png\" class=\"attachment-full size-full wp-image-3390\" alt=\"\" srcset=\"https:\/\/baldinistudio.hr\/wp-content\/uploads\/2025\/02\/dtwin_logo_program.png 1200w, https:\/\/baldinistudio.hr\/wp-content\/uploads\/2025\/02\/dtwin_logo_program-600x100.png 600w, https:\/\/baldinistudio.hr\/wp-content\/uploads\/2025\/02\/dtwin_logo_program-300x50.png 300w, https:\/\/baldinistudio.hr\/wp-content\/uploads\/2025\/02\/dtwin_logo_program-1024x171.png 1024w, https:\/\/baldinistudio.hr\/wp-content\/uploads\/2025\/02\/dtwin_logo_program-768x128.png 768w\" sizes=\"(max-width: 1200px) 100vw, 1200px\" \/><\/a><\/figure><div class=\"elementor-image-box-content\"><p class=\"elementor-image-box-description\"><b>Nemetschek dTwin <\/b>it is an open, cloud-based platform for digital twins that enables the integration of all building data \u2013 from design and construction to management. By connecting information from CAD \/ BIM systems, IWMS and IoT sensors in real time, dTwin provides a comprehensive overview and data analytics of your objects.<\/p><\/div><\/div>\t\t\t\t<\/div>\n\t\t\t\t<\/div>\n\t\t\t\t<\/div>\n\t\t\t\t<\/div>\n\t\t\t\t\t<\/div>\n\t\t\t\t<\/div>\n\t\t\t\t<\/div>","protected":false},"excerpt":{"rendered":"<p>Po\u010detna Facility management Facility management Budu\u0107nost upravljanja nekretninama i objektima je digitalna U dinami\u010dnom svijetu nekretnina i objekata, uspjeh ovisi o sposobnosti prilagodbe i optimizacije resursa. Moderni alati za Facility i Real Estate Management poput dTwina, ACCA usBIM-a i Simlab Sim-ON-a pru\u017eaju sveobuhvatna rje\u0161enja za upravljanje tehni\u010dkim odr\u017eavanjem, kori\u0161tenjem prostora, IoT ure\u0111ajima i energetskom u\u010dinkovito\u0161\u0107u. [&hellip;]<\/p>\n","protected":false},"author":1,"featured_media":0,"parent":0,"menu_order":0,"comment_status":"closed","ping_status":"closed","template":"","meta":{"_acf_changed":false,"footnotes":""},"class_list":["post-2013","page","type-page","status-publish","hentry"],"acf":[],"yoast_head":"<!-- This site is optimized with the Yoast SEO plugin v27.3 - https:\/\/yoast.com\/product\/yoast-seo-wordpress\/ -->\n<title>Facility management - Baldinistudio<\/title>\n<meta name=\"robots\" content=\"index, follow, max-snippet:-1, max-image-preview:large, max-video-preview:-1\" \/>\n<link rel=\"canonical\" href=\"https:\/\/baldinistudio.hr\/en\/facility-management\/\" \/>\n<meta property=\"og:locale\" content=\"en_US\" \/>\n<meta property=\"og:type\" content=\"article\" \/>\n<meta property=\"og:title\" content=\"Facility management - Baldinistudio\" \/>\n<meta property=\"og:description\" content=\"Po\u010detna Facility management Facility management Budu\u0107nost upravljanja nekretninama i objektima je digitalna U dinami\u010dnom svijetu nekretnina i objekata, uspjeh ovisi o sposobnosti prilagodbe i optimizacije resursa. Moderni alati za Facility i Real Estate Management poput dTwina, ACCA usBIM-a i Simlab Sim-ON-a pru\u017eaju sveobuhvatna rje\u0161enja za upravljanje tehni\u010dkim odr\u017eavanjem, kori\u0161tenjem prostora, IoT ure\u0111ajima i energetskom u\u010dinkovito\u0161\u0107u. [&hellip;]\" \/>\n<meta property=\"og:url\" content=\"https:\/\/baldinistudio.hr\/en\/facility-management\/\" \/>\n<meta property=\"og:site_name\" content=\"Baldinistudio\" \/>\n<meta property=\"article:publisher\" content=\"https:\/\/www.facebook.com\/baldinistudio\/\" \/>\n<meta property=\"article:modified_time\" content=\"2025-02-17T13:53:31+00:00\" \/>\n<meta property=\"og:image\" content=\"https:\/\/baldinistudio.hr\/wp-content\/uploads\/2025\/01\/baldinistudio_simon.png\" \/>\n\t<meta property=\"og:image:width\" content=\"1200\" \/>\n\t<meta property=\"og:image:height\" content=\"200\" \/>\n\t<meta property=\"og:image:type\" content=\"image\/png\" \/>\n<meta name=\"twitter:card\" content=\"summary_large_image\" \/>\n<meta name=\"twitter:label1\" content=\"Est. reading time\" \/>\n\t<meta name=\"twitter:data1\" content=\"1 minute\" \/>\n<script type=\"application\/ld+json\" class=\"yoast-schema-graph\">{\"@context\":\"https:\\\/\\\/schema.org\",\"@graph\":[{\"@type\":\"WebPage\",\"@id\":\"https:\\\/\\\/baldinistudio.hr\\\/facility-management\\\/\",\"url\":\"https:\\\/\\\/baldinistudio.hr\\\/facility-management\\\/\",\"name\":\"Facility management - Baldinistudio\",\"isPartOf\":{\"@id\":\"https:\\\/\\\/baldinistudio.hr\\\/#website\"},\"primaryImageOfPage\":{\"@id\":\"https:\\\/\\\/baldinistudio.hr\\\/facility-management\\\/#primaryimage\"},\"image\":{\"@id\":\"https:\\\/\\\/baldinistudio.hr\\\/facility-management\\\/#primaryimage\"},\"thumbnailUrl\":\"https:\\\/\\\/baldinistudio.hr\\\/wp-content\\\/uploads\\\/2025\\\/01\\\/baldinistudio_simon.png\",\"datePublished\":\"2025-01-08T12:02:35+00:00\",\"dateModified\":\"2025-02-17T13:53:31+00:00\",\"breadcrumb\":{\"@id\":\"https:\\\/\\\/baldinistudio.hr\\\/facility-management\\\/#breadcrumb\"},\"inLanguage\":\"en-US\",\"potentialAction\":[{\"@type\":\"ReadAction\",\"target\":[\"https:\\\/\\\/baldinistudio.hr\\\/facility-management\\\/\"]}]},{\"@type\":\"ImageObject\",\"inLanguage\":\"en-US\",\"@id\":\"https:\\\/\\\/baldinistudio.hr\\\/facility-management\\\/#primaryimage\",\"url\":\"https:\\\/\\\/baldinistudio.hr\\\/wp-content\\\/uploads\\\/2025\\\/01\\\/baldinistudio_simon.png\",\"contentUrl\":\"https:\\\/\\\/baldinistudio.hr\\\/wp-content\\\/uploads\\\/2025\\\/01\\\/baldinistudio_simon.png\"},{\"@type\":\"BreadcrumbList\",\"@id\":\"https:\\\/\\\/baldinistudio.hr\\\/facility-management\\\/#breadcrumb\",\"itemListElement\":[{\"@type\":\"ListItem\",\"position\":1,\"name\":\"Home\",\"item\":\"https:\\\/\\\/baldinistudio.hr\\\/\"},{\"@type\":\"ListItem\",\"position\":2,\"name\":\"Facility management\"}]},{\"@type\":\"WebSite\",\"@id\":\"https:\\\/\\\/baldinistudio.hr\\\/#website\",\"url\":\"https:\\\/\\\/baldinistudio.hr\\\/\",\"name\":\"Baldinistudio\",\"description\":\"The way BIM works\",\"publisher\":{\"@id\":\"https:\\\/\\\/baldinistudio.hr\\\/#organization\"},\"potentialAction\":[{\"@type\":\"SearchAction\",\"target\":{\"@type\":\"EntryPoint\",\"urlTemplate\":\"https:\\\/\\\/baldinistudio.hr\\\/?s={search_term_string}\"},\"query-input\":{\"@type\":\"PropertyValueSpecification\",\"valueRequired\":true,\"valueName\":\"search_term_string\"}}],\"inLanguage\":\"en-US\"},{\"@type\":\"Organization\",\"@id\":\"https:\\\/\\\/baldinistudio.hr\\\/#organization\",\"name\":\"Baldinistudio\",\"url\":\"https:\\\/\\\/baldinistudio.hr\\\/\",\"logo\":{\"@type\":\"ImageObject\",\"inLanguage\":\"en-US\",\"@id\":\"https:\\\/\\\/baldinistudio.hr\\\/#\\\/schema\\\/logo\\\/image\\\/\",\"url\":\"https:\\\/\\\/baldinistudio.hr\\\/wp-content\\\/uploads\\\/2024\\\/10\\\/baldinistudio_logo.png\",\"contentUrl\":\"https:\\\/\\\/baldinistudio.hr\\\/wp-content\\\/uploads\\\/2024\\\/10\\\/baldinistudio_logo.png\",\"width\":1038,\"height\":309,\"caption\":\"Baldinistudio\"},\"image\":{\"@id\":\"https:\\\/\\\/baldinistudio.hr\\\/#\\\/schema\\\/logo\\\/image\\\/\"},\"sameAs\":[\"https:\\\/\\\/www.facebook.com\\\/baldinistudio\\\/\",\"https:\\\/\\\/www.instagram.com\\\/baldinistudio\\\/?hl=en\",\"https:\\\/\\\/hr.linkedin.com\\\/company\\\/baldinistudio\"]}]}<\/script>\n<!-- \/ Yoast SEO plugin. -->","yoast_head_json":{"title":"Facility management - Baldinistudio","robots":{"index":"index","follow":"follow","max-snippet":"max-snippet:-1","max-image-preview":"max-image-preview:large","max-video-preview":"max-video-preview:-1"},"canonical":"https:\/\/baldinistudio.hr\/en\/facility-management\/","og_locale":"en_US","og_type":"article","og_title":"Facility management - Baldinistudio","og_description":"Po\u010detna Facility management Facility management Budu\u0107nost upravljanja nekretninama i objektima je digitalna U dinami\u010dnom svijetu nekretnina i objekata, uspjeh ovisi o sposobnosti prilagodbe i optimizacije resursa. Moderni alati za Facility i Real Estate Management poput dTwina, ACCA usBIM-a i Simlab Sim-ON-a pru\u017eaju sveobuhvatna rje\u0161enja za upravljanje tehni\u010dkim odr\u017eavanjem, kori\u0161tenjem prostora, IoT ure\u0111ajima i energetskom u\u010dinkovito\u0161\u0107u. [&hellip;]","og_url":"https:\/\/baldinistudio.hr\/en\/facility-management\/","og_site_name":"Baldinistudio","article_publisher":"https:\/\/www.facebook.com\/baldinistudio\/","article_modified_time":"2025-02-17T13:53:31+00:00","og_image":[{"width":1200,"height":200,"url":"https:\/\/baldinistudio.hr\/wp-content\/uploads\/2025\/01\/baldinistudio_simon.png","type":"image\/png"}],"twitter_card":"summary_large_image","twitter_misc":{"Est. reading time":"1 minute"},"schema":{"@context":"https:\/\/schema.org","@graph":[{"@type":"WebPage","@id":"https:\/\/baldinistudio.hr\/facility-management\/","url":"https:\/\/baldinistudio.hr\/facility-management\/","name":"Facility management - Baldinistudio","isPartOf":{"@id":"https:\/\/baldinistudio.hr\/#website"},"primaryImageOfPage":{"@id":"https:\/\/baldinistudio.hr\/facility-management\/#primaryimage"},"image":{"@id":"https:\/\/baldinistudio.hr\/facility-management\/#primaryimage"},"thumbnailUrl":"https:\/\/baldinistudio.hr\/wp-content\/uploads\/2025\/01\/baldinistudio_simon.png","datePublished":"2025-01-08T12:02:35+00:00","dateModified":"2025-02-17T13:53:31+00:00","breadcrumb":{"@id":"https:\/\/baldinistudio.hr\/facility-management\/#breadcrumb"},"inLanguage":"en-US","potentialAction":[{"@type":"ReadAction","target":["https:\/\/baldinistudio.hr\/facility-management\/"]}]},{"@type":"ImageObject","inLanguage":"en-US","@id":"https:\/\/baldinistudio.hr\/facility-management\/#primaryimage","url":"https:\/\/baldinistudio.hr\/wp-content\/uploads\/2025\/01\/baldinistudio_simon.png","contentUrl":"https:\/\/baldinistudio.hr\/wp-content\/uploads\/2025\/01\/baldinistudio_simon.png"},{"@type":"BreadcrumbList","@id":"https:\/\/baldinistudio.hr\/facility-management\/#breadcrumb","itemListElement":[{"@type":"ListItem","position":1,"name":"Home","item":"https:\/\/baldinistudio.hr\/"},{"@type":"ListItem","position":2,"name":"Facility management"}]},{"@type":"WebSite","@id":"https:\/\/baldinistudio.hr\/#website","url":"https:\/\/baldinistudio.hr\/","name":"Baldinistudio","description":"The way BIM works","publisher":{"@id":"https:\/\/baldinistudio.hr\/#organization"},"potentialAction":[{"@type":"SearchAction","target":{"@type":"EntryPoint","urlTemplate":"https:\/\/baldinistudio.hr\/?s={search_term_string}"},"query-input":{"@type":"PropertyValueSpecification","valueRequired":true,"valueName":"search_term_string"}}],"inLanguage":"en-US"},{"@type":"Organization","@id":"https:\/\/baldinistudio.hr\/#organization","name":"Baldinistudio","url":"https:\/\/baldinistudio.hr\/","logo":{"@type":"ImageObject","inLanguage":"en-US","@id":"https:\/\/baldinistudio.hr\/#\/schema\/logo\/image\/","url":"https:\/\/baldinistudio.hr\/wp-content\/uploads\/2024\/10\/baldinistudio_logo.png","contentUrl":"https:\/\/baldinistudio.hr\/wp-content\/uploads\/2024\/10\/baldinistudio_logo.png","width":1038,"height":309,"caption":"Baldinistudio"},"image":{"@id":"https:\/\/baldinistudio.hr\/#\/schema\/logo\/image\/"},"sameAs":["https:\/\/www.facebook.com\/baldinistudio\/","https:\/\/www.instagram.com\/baldinistudio\/?hl=en","https:\/\/hr.linkedin.com\/company\/baldinistudio"]}]}},"_links":{"self":[{"href":"https:\/\/baldinistudio.hr\/en\/wp-json\/wp\/v2\/pages\/2013","targetHints":{"allow":["GET"]}}],"collection":[{"href":"https:\/\/baldinistudio.hr\/en\/wp-json\/wp\/v2\/pages"}],"about":[{"href":"https:\/\/baldinistudio.hr\/en\/wp-json\/wp\/v2\/types\/page"}],"author":[{"embeddable":true,"href":"https:\/\/baldinistudio.hr\/en\/wp-json\/wp\/v2\/users\/1"}],"replies":[{"embeddable":true,"href":"https:\/\/baldinistudio.hr\/en\/wp-json\/wp\/v2\/comments?post=2013"}],"version-history":[{"count":22,"href":"https:\/\/baldinistudio.hr\/en\/wp-json\/wp\/v2\/pages\/2013\/revisions"}],"predecessor-version":[{"id":3494,"href":"https:\/\/baldinistudio.hr\/en\/wp-json\/wp\/v2\/pages\/2013\/revisions\/3494"}],"wp:attachment":[{"href":"https:\/\/baldinistudio.hr\/en\/wp-json\/wp\/v2\/media?parent=2013"}],"curies":[{"name":"wp","href":"https:\/\/api.w.org\/{rel}","templated":true}]}}