{"id":2784,"date":"2025-02-11T10:04:17","date_gmt":"2025-02-11T10:04:17","guid":{"rendered":"https:\/\/baldinistudio.hr\/?page_id=2784"},"modified":"2025-02-17T07:08:53","modified_gmt":"2025-02-17T07:08:53","slug":"politika-kvalitete","status":"publish","type":"page","link":"https:\/\/baldinistudio.hr\/en\/politika-kvalitete\/","title":{"rendered":"Quality policy"},"content":{"rendered":"<div data-elementor-type=\"wp-page\" data-elementor-id=\"2784\" class=\"elementor elementor-2784\" data-elementor-post-type=\"page\">\n\t\t\t\t<div class=\"elementor-element elementor-element-47b189d hero-section e-flex e-con-boxed e-con e-parent\" data-id=\"47b189d\" data-element_type=\"container\" data-e-type=\"container\" data-settings=\"{&quot;background_background&quot;:&quot;gradient&quot;,&quot;shape_divider_bottom&quot;:&quot;waves&quot;}\">\n\t\t\t\t\t<div class=\"e-con-inner\">\n\t\t\t\t<div class=\"elementor-shape elementor-shape-bottom\" aria-hidden=\"true\" data-negative=\"false\">\n\t\t\t<svg xmlns=\"http:\/\/www.w3.org\/2000\/svg\" viewbox=\"0 0 1000 100\" preserveaspectratio=\"none\">\n\t<path class=\"elementor-shape-fill\" d=\"M421.9,6.5c22.6-2.5,51.5,0.4,75.5,5.3c23.6,4.9,70.9,23.5,100.5,35.7c75.8,32.2,133.7,44.5,192.6,49.7\tc23.6,2.1,48.7,3.5,103.4-2.5c54.7-6,106.2-25.6,106.2-25.6V0H0v30.3c0,0,72,32.6,158.4,30.5c39.2-0.7,92.8-6.7,134-22.4\tc21.2-8.1,52.2-18.2,79.7-24.2C399.3,7.9,411.6,7.5,421.9,6.5z\"\/>\n<\/svg>\t\t<\/div>\n\t\t\t\t<div class=\"elementor-element elementor-element-c6eafad elementor-icon-list--layout-inline elementor-mobile-align-center elementor-list-item-link-full_width elementor-widget elementor-widget-icon-list\" data-id=\"c6eafad\" data-element_type=\"widget\" data-e-type=\"widget\" data-widget_type=\"icon-list.default\">\n\t\t\t\t<div class=\"elementor-widget-container\">\n\t\t\t\t\t\t\t<ul class=\"elementor-icon-list-items elementor-inline-items\">\n\t\t\t\t\t\t\t<li class=\"elementor-icon-list-item elementor-inline-item\">\n\t\t\t\t\t\t\t\t\t\t\t<a href=\"https:\/\/baldinistudio.hr\/en\">\n\n\t\t\t\t\t\t\t\t\t\t\t<span class=\"elementor-icon-list-text\">Home<\/span>\n\t\t\t\t\t\t\t\t\t\t\t<\/a>\n\t\t\t\t\t\t\t\t\t<\/li>\n\t\t\t\t\t\t\t\t<li class=\"elementor-icon-list-item elementor-inline-item\">\n\t\t\t\t\t\t\t\t\t\t\t<span class=\"elementor-icon-list-icon\">\n\t\t\t\t\t\t\t<i aria-hidden=\"true\" class=\"ti-minus\"><\/i>\t\t\t\t\t\t<\/span>\n\t\t\t\t\t\t\t\t\t\t<span class=\"elementor-icon-list-text\">Quality policy<\/span>\n\t\t\t\t\t\t\t\t\t<\/li>\n\t\t\t\t\t\t<\/ul>\n\t\t\t\t\t\t<\/div>\n\t\t\t\t<\/div>\n\t\t\t\t<div class=\"elementor-element elementor-element-0dc28d1 elementor-widget elementor-widget-heading\" data-id=\"0dc28d1\" data-element_type=\"widget\" data-e-type=\"widget\" data-widget_type=\"heading.default\">\n\t\t\t\t<div class=\"elementor-widget-container\">\n\t\t\t\t\t<h2 class=\"elementor-heading-title elementor-size-default\">Quality policy<\/h2>\t\t\t\t<\/div>\n\t\t\t\t<\/div>\n\t\t\t\t\t<\/div>\n\t\t\t\t<\/div>\n\t\t<div class=\"elementor-element elementor-element-205b12a e-flex e-con-boxed e-con e-parent\" data-id=\"205b12a\" data-element_type=\"container\" data-e-type=\"container\">\n\t\t\t\t\t<div class=\"e-con-inner\">\n\t\t<div class=\"elementor-element elementor-element-e3d8bdf e-con-full e-flex e-con e-child\" data-id=\"e3d8bdf\" data-element_type=\"container\" data-e-type=\"container\">\n\t\t\t\t<div class=\"elementor-element elementor-element-ebc2405 elementor-widget elementor-widget-heading\" data-id=\"ebc2405\" data-element_type=\"widget\" data-e-type=\"widget\" data-widget_type=\"heading.default\">\n\t\t\t\t<div class=\"elementor-widget-container\">\n\t\t\t\t\t<h4 class=\"elementor-heading-title elementor-size-default\">Baldinistudio d.o.o. <\/h4>\t\t\t\t<\/div>\n\t\t\t\t<\/div>\n\t\t\t\t<div class=\"elementor-element elementor-element-be30196 elementor-widget elementor-widget-text-editor\" data-id=\"be30196\" data-element_type=\"widget\" data-e-type=\"widget\" data-widget_type=\"text-editor.default\">\n\t\t\t\t<div class=\"elementor-widget-container\">\n\t\t\t\t\t\t\t\t\t<p>Baldinistudio d.o.o. he is a representative of software intended for the construction, architectural and mechanical engineering industries. In addition to the representative office, one of the main activities is providing education and implementation of BIM work methods in the business of construction and architectural companies.<\/p><p>In accordance with the mission, vision and objectives defined in the strategy, Baldinistudio directs and promotes the development of a quality culture based on the following activities:<\/p><ol><li>Learning and education directed towards participants in the construction industry<\/li><li>Continuous monitoring and strengthening of satisfaction of all participants in the quality management system (employees within the Economic Community, participants in the academic community)<\/li><li>The popularity of digital technologies and BIM<\/li><li>Continuous cooperation with clients and professional bodies<\/li><li>Risk management through the establishment of an effective system and defined powers, responsibilities and internal control<\/li><li>Maintaining continuous business cooperation with suppliers<\/li><li>By improving the quality of service provision, education, content and consultation<\/li><\/ol><p><strong>Mission<br \/><\/strong>Enable quality and complete implementation of BIM mode to all participants of construction projects, which will be achieved by selling top-quality BIM software, comprehensive education and constant support to active users of the software.<strong><br \/><\/strong><\/p><p><strong>Vision<br \/><\/strong>Be a regional BIM center of knowledge and skills.<\/p><p>Download quality policy <a href=\"https:\/\/baldinistudio.hr\/wp-content\/uploads\/2025\/02\/PK.20-POLITIKA-KVALITETE.pdf\">here<\/a>.<\/p>\t\t\t\t\t\t\t\t<\/div>\n\t\t\t\t<\/div>\n\t\t\t\t<\/div>\n\t\t\t\t\t<\/div>\n\t\t\t\t<\/div>\n\t\t\t\t<\/div>","protected":false},"excerpt":{"rendered":"<p>Po\u010detna Politika kvalitete Politika kvalitete Baldinistudio d.o.o. Tvrtka Baldinistudio d.o.o. zastupnik je softvera namijenjenih gra\u0111evinskoj, arhitektonskoj i strojarskoj industriji.\u00a0Pored zastupni\u0161tva, jedna od glavnih djelatnosti je pru\u017eanje edukacija i implementacija BIM na\u010dina rada u poslovanju gra\u0111evinskih i arhitektonskih tvrtki. U skladu s misijom, vizijom i ciljevima definiranim u strategiji, Baldinistudio usmjerava i promi\u010de razvoj kulture kvalitete [&hellip;]<\/p>\n","protected":false},"author":1,"featured_media":0,"parent":0,"menu_order":0,"comment_status":"closed","ping_status":"closed","template":"","meta":{"_acf_changed":false,"footnotes":""},"class_list":["post-2784","page","type-page","status-publish","hentry"],"acf":[],"yoast_head":"<!-- This site is optimized with the Yoast SEO plugin v27.3 - https:\/\/yoast.com\/product\/yoast-seo-wordpress\/ -->\n<title>Politika kvalitete - Baldinistudio<\/title>\n<meta name=\"robots\" content=\"index, follow, max-snippet:-1, max-image-preview:large, max-video-preview:-1\" \/>\n<link rel=\"canonical\" href=\"https:\/\/baldinistudio.hr\/en\/politika-kvalitete\/\" \/>\n<meta property=\"og:locale\" content=\"en_US\" \/>\n<meta property=\"og:type\" content=\"article\" \/>\n<meta property=\"og:title\" content=\"Politika kvalitete - Baldinistudio\" \/>\n<meta property=\"og:description\" content=\"Po\u010detna Politika kvalitete Politika kvalitete Baldinistudio d.o.o. Tvrtka Baldinistudio d.o.o. zastupnik je softvera namijenjenih gra\u0111evinskoj, arhitektonskoj i strojarskoj industriji.\u00a0Pored zastupni\u0161tva, jedna od glavnih djelatnosti je pru\u017eanje edukacija i implementacija BIM na\u010dina rada u poslovanju gra\u0111evinskih i arhitektonskih tvrtki. U skladu s misijom, vizijom i ciljevima definiranim u strategiji, Baldinistudio usmjerava i promi\u010de razvoj kulture kvalitete [&hellip;]\" \/>\n<meta property=\"og:url\" content=\"https:\/\/baldinistudio.hr\/en\/politika-kvalitete\/\" \/>\n<meta property=\"og:site_name\" content=\"Baldinistudio\" \/>\n<meta property=\"article:publisher\" content=\"https:\/\/www.facebook.com\/baldinistudio\/\" \/>\n<meta property=\"article:modified_time\" content=\"2025-02-17T07:08:53+00:00\" \/>\n<meta name=\"twitter:card\" content=\"summary_large_image\" \/>\n<meta name=\"twitter:label1\" content=\"Est. reading time\" \/>\n\t<meta name=\"twitter:data1\" content=\"1 minute\" \/>\n<script type=\"application\/ld+json\" class=\"yoast-schema-graph\">{\"@context\":\"https:\\\/\\\/schema.org\",\"@graph\":[{\"@type\":\"WebPage\",\"@id\":\"https:\\\/\\\/baldinistudio.hr\\\/politika-kvalitete\\\/\",\"url\":\"https:\\\/\\\/baldinistudio.hr\\\/politika-kvalitete\\\/\",\"name\":\"Politika kvalitete - Baldinistudio\",\"isPartOf\":{\"@id\":\"https:\\\/\\\/baldinistudio.hr\\\/#website\"},\"datePublished\":\"2025-02-11T10:04:17+00:00\",\"dateModified\":\"2025-02-17T07:08:53+00:00\",\"breadcrumb\":{\"@id\":\"https:\\\/\\\/baldinistudio.hr\\\/politika-kvalitete\\\/#breadcrumb\"},\"inLanguage\":\"en-US\",\"potentialAction\":[{\"@type\":\"ReadAction\",\"target\":[\"https:\\\/\\\/baldinistudio.hr\\\/politika-kvalitete\\\/\"]}]},{\"@type\":\"BreadcrumbList\",\"@id\":\"https:\\\/\\\/baldinistudio.hr\\\/politika-kvalitete\\\/#breadcrumb\",\"itemListElement\":[{\"@type\":\"ListItem\",\"position\":1,\"name\":\"Home\",\"item\":\"https:\\\/\\\/baldinistudio.hr\\\/\"},{\"@type\":\"ListItem\",\"position\":2,\"name\":\"Politika kvalitete\"}]},{\"@type\":\"WebSite\",\"@id\":\"https:\\\/\\\/baldinistudio.hr\\\/#website\",\"url\":\"https:\\\/\\\/baldinistudio.hr\\\/\",\"name\":\"Baldinistudio\",\"description\":\"The way BIM works\",\"publisher\":{\"@id\":\"https:\\\/\\\/baldinistudio.hr\\\/#organization\"},\"potentialAction\":[{\"@type\":\"SearchAction\",\"target\":{\"@type\":\"EntryPoint\",\"urlTemplate\":\"https:\\\/\\\/baldinistudio.hr\\\/?s={search_term_string}\"},\"query-input\":{\"@type\":\"PropertyValueSpecification\",\"valueRequired\":true,\"valueName\":\"search_term_string\"}}],\"inLanguage\":\"en-US\"},{\"@type\":\"Organization\",\"@id\":\"https:\\\/\\\/baldinistudio.hr\\\/#organization\",\"name\":\"Baldinistudio\",\"url\":\"https:\\\/\\\/baldinistudio.hr\\\/\",\"logo\":{\"@type\":\"ImageObject\",\"inLanguage\":\"en-US\",\"@id\":\"https:\\\/\\\/baldinistudio.hr\\\/#\\\/schema\\\/logo\\\/image\\\/\",\"url\":\"https:\\\/\\\/baldinistudio.hr\\\/wp-content\\\/uploads\\\/2024\\\/10\\\/baldinistudio_logo.png\",\"contentUrl\":\"https:\\\/\\\/baldinistudio.hr\\\/wp-content\\\/uploads\\\/2024\\\/10\\\/baldinistudio_logo.png\",\"width\":1038,\"height\":309,\"caption\":\"Baldinistudio\"},\"image\":{\"@id\":\"https:\\\/\\\/baldinistudio.hr\\\/#\\\/schema\\\/logo\\\/image\\\/\"},\"sameAs\":[\"https:\\\/\\\/www.facebook.com\\\/baldinistudio\\\/\",\"https:\\\/\\\/www.instagram.com\\\/baldinistudio\\\/?hl=en\",\"https:\\\/\\\/hr.linkedin.com\\\/company\\\/baldinistudio\"]}]}<\/script>\n<!-- \/ Yoast SEO plugin. -->","yoast_head_json":{"title":"Politika kvalitete - Baldinistudio","robots":{"index":"index","follow":"follow","max-snippet":"max-snippet:-1","max-image-preview":"max-image-preview:large","max-video-preview":"max-video-preview:-1"},"canonical":"https:\/\/baldinistudio.hr\/en\/politika-kvalitete\/","og_locale":"en_US","og_type":"article","og_title":"Politika kvalitete - Baldinistudio","og_description":"Po\u010detna Politika kvalitete Politika kvalitete Baldinistudio d.o.o. Tvrtka Baldinistudio d.o.o. zastupnik je softvera namijenjenih gra\u0111evinskoj, arhitektonskoj i strojarskoj industriji.\u00a0Pored zastupni\u0161tva, jedna od glavnih djelatnosti je pru\u017eanje edukacija i implementacija BIM na\u010dina rada u poslovanju gra\u0111evinskih i arhitektonskih tvrtki. U skladu s misijom, vizijom i ciljevima definiranim u strategiji, Baldinistudio usmjerava i promi\u010de razvoj kulture kvalitete [&hellip;]","og_url":"https:\/\/baldinistudio.hr\/en\/politika-kvalitete\/","og_site_name":"Baldinistudio","article_publisher":"https:\/\/www.facebook.com\/baldinistudio\/","article_modified_time":"2025-02-17T07:08:53+00:00","twitter_card":"summary_large_image","twitter_misc":{"Est. reading time":"1 minute"},"schema":{"@context":"https:\/\/schema.org","@graph":[{"@type":"WebPage","@id":"https:\/\/baldinistudio.hr\/politika-kvalitete\/","url":"https:\/\/baldinistudio.hr\/politika-kvalitete\/","name":"Politika kvalitete - Baldinistudio","isPartOf":{"@id":"https:\/\/baldinistudio.hr\/#website"},"datePublished":"2025-02-11T10:04:17+00:00","dateModified":"2025-02-17T07:08:53+00:00","breadcrumb":{"@id":"https:\/\/baldinistudio.hr\/politika-kvalitete\/#breadcrumb"},"inLanguage":"en-US","potentialAction":[{"@type":"ReadAction","target":["https:\/\/baldinistudio.hr\/politika-kvalitete\/"]}]},{"@type":"BreadcrumbList","@id":"https:\/\/baldinistudio.hr\/politika-kvalitete\/#breadcrumb","itemListElement":[{"@type":"ListItem","position":1,"name":"Home","item":"https:\/\/baldinistudio.hr\/"},{"@type":"ListItem","position":2,"name":"Politika kvalitete"}]},{"@type":"WebSite","@id":"https:\/\/baldinistudio.hr\/#website","url":"https:\/\/baldinistudio.hr\/","name":"Baldinistudio","description":"The way BIM works","publisher":{"@id":"https:\/\/baldinistudio.hr\/#organization"},"potentialAction":[{"@type":"SearchAction","target":{"@type":"EntryPoint","urlTemplate":"https:\/\/baldinistudio.hr\/?s={search_term_string}"},"query-input":{"@type":"PropertyValueSpecification","valueRequired":true,"valueName":"search_term_string"}}],"inLanguage":"en-US"},{"@type":"Organization","@id":"https:\/\/baldinistudio.hr\/#organization","name":"Baldinistudio","url":"https:\/\/baldinistudio.hr\/","logo":{"@type":"ImageObject","inLanguage":"en-US","@id":"https:\/\/baldinistudio.hr\/#\/schema\/logo\/image\/","url":"https:\/\/baldinistudio.hr\/wp-content\/uploads\/2024\/10\/baldinistudio_logo.png","contentUrl":"https:\/\/baldinistudio.hr\/wp-content\/uploads\/2024\/10\/baldinistudio_logo.png","width":1038,"height":309,"caption":"Baldinistudio"},"image":{"@id":"https:\/\/baldinistudio.hr\/#\/schema\/logo\/image\/"},"sameAs":["https:\/\/www.facebook.com\/baldinistudio\/","https:\/\/www.instagram.com\/baldinistudio\/?hl=en","https:\/\/hr.linkedin.com\/company\/baldinistudio"]}]}},"_links":{"self":[{"href":"https:\/\/baldinistudio.hr\/en\/wp-json\/wp\/v2\/pages\/2784","targetHints":{"allow":["GET"]}}],"collection":[{"href":"https:\/\/baldinistudio.hr\/en\/wp-json\/wp\/v2\/pages"}],"about":[{"href":"https:\/\/baldinistudio.hr\/en\/wp-json\/wp\/v2\/types\/page"}],"author":[{"embeddable":true,"href":"https:\/\/baldinistudio.hr\/en\/wp-json\/wp\/v2\/users\/1"}],"replies":[{"embeddable":true,"href":"https:\/\/baldinistudio.hr\/en\/wp-json\/wp\/v2\/comments?post=2784"}],"version-history":[{"count":13,"href":"https:\/\/baldinistudio.hr\/en\/wp-json\/wp\/v2\/pages\/2784\/revisions"}],"predecessor-version":[{"id":3224,"href":"https:\/\/baldinistudio.hr\/en\/wp-json\/wp\/v2\/pages\/2784\/revisions\/3224"}],"wp:attachment":[{"href":"https:\/\/baldinistudio.hr\/en\/wp-json\/wp\/v2\/media?parent=2784"}],"curies":[{"name":"wp","href":"https:\/\/api.w.org\/{rel}","templated":true}]}}