{"id":3,"date":"2024-10-01T07:51:00","date_gmt":"2024-10-01T07:51:00","guid":{"rendered":"https:\/\/baldinistudio.hr\/?page_id=3"},"modified":"2025-02-17T07:08:08","modified_gmt":"2025-02-17T07:08:08","slug":"pravila-privatnosti","status":"publish","type":"page","link":"https:\/\/baldinistudio.hr\/en\/pravila-privatnosti\/","title":{"rendered":"Privacy Policy"},"content":{"rendered":"<div data-elementor-type=\"wp-page\" data-elementor-id=\"3\" class=\"elementor elementor-3\" data-elementor-post-type=\"page\">\n\t\t\t\t<div class=\"elementor-element elementor-element-5251908 hero-section e-flex e-con-boxed e-con e-parent\" data-id=\"5251908\" data-element_type=\"container\" data-e-type=\"container\" data-settings=\"{&quot;background_background&quot;:&quot;gradient&quot;,&quot;shape_divider_bottom&quot;:&quot;waves&quot;}\">\n\t\t\t\t\t<div class=\"e-con-inner\">\n\t\t\t\t<div class=\"elementor-shape elementor-shape-bottom\" aria-hidden=\"true\" data-negative=\"false\">\n\t\t\t<svg xmlns=\"http:\/\/www.w3.org\/2000\/svg\" viewbox=\"0 0 1000 100\" preserveaspectratio=\"none\">\n\t<path class=\"elementor-shape-fill\" d=\"M421.9,6.5c22.6-2.5,51.5,0.4,75.5,5.3c23.6,4.9,70.9,23.5,100.5,35.7c75.8,32.2,133.7,44.5,192.6,49.7\tc23.6,2.1,48.7,3.5,103.4-2.5c54.7-6,106.2-25.6,106.2-25.6V0H0v30.3c0,0,72,32.6,158.4,30.5c39.2-0.7,92.8-6.7,134-22.4\tc21.2-8.1,52.2-18.2,79.7-24.2C399.3,7.9,411.6,7.5,421.9,6.5z\"\/>\n<\/svg>\t\t<\/div>\n\t\t\t\t<div class=\"elementor-element elementor-element-2020659 elementor-icon-list--layout-inline elementor-mobile-align-center elementor-list-item-link-full_width elementor-widget elementor-widget-icon-list\" data-id=\"2020659\" data-element_type=\"widget\" data-e-type=\"widget\" data-widget_type=\"icon-list.default\">\n\t\t\t\t<div class=\"elementor-widget-container\">\n\t\t\t\t\t\t\t<ul class=\"elementor-icon-list-items elementor-inline-items\">\n\t\t\t\t\t\t\t<li class=\"elementor-icon-list-item elementor-inline-item\">\n\t\t\t\t\t\t\t\t\t\t\t<a href=\"https:\/\/baldinistudio.hr\/en\">\n\n\t\t\t\t\t\t\t\t\t\t\t<span class=\"elementor-icon-list-text\">Home<\/span>\n\t\t\t\t\t\t\t\t\t\t\t<\/a>\n\t\t\t\t\t\t\t\t\t<\/li>\n\t\t\t\t\t\t\t\t<li class=\"elementor-icon-list-item elementor-inline-item\">\n\t\t\t\t\t\t\t\t\t\t\t<span class=\"elementor-icon-list-icon\">\n\t\t\t\t\t\t\t<i aria-hidden=\"true\" class=\"ti-minus\"><\/i>\t\t\t\t\t\t<\/span>\n\t\t\t\t\t\t\t\t\t\t<span class=\"elementor-icon-list-text\">Privacy Policy<\/span>\n\t\t\t\t\t\t\t\t\t<\/li>\n\t\t\t\t\t\t<\/ul>\n\t\t\t\t\t\t<\/div>\n\t\t\t\t<\/div>\n\t\t\t\t<div class=\"elementor-element elementor-element-846ad1e elementor-widget elementor-widget-heading\" data-id=\"846ad1e\" data-element_type=\"widget\" data-e-type=\"widget\" data-widget_type=\"heading.default\">\n\t\t\t\t<div class=\"elementor-widget-container\">\n\t\t\t\t\t<h2 class=\"elementor-heading-title elementor-size-default\">Privacy Policy<\/h2>\t\t\t\t<\/div>\n\t\t\t\t<\/div>\n\t\t\t\t\t<\/div>\n\t\t\t\t<\/div>\n\t\t<div class=\"elementor-element elementor-element-5e2be14 e-flex e-con-boxed e-con e-parent\" data-id=\"5e2be14\" data-element_type=\"container\" data-e-type=\"container\">\n\t\t\t\t\t<div class=\"e-con-inner\">\n\t\t<div class=\"elementor-element elementor-element-60ea7d1 e-con-full e-flex e-con e-child\" data-id=\"60ea7d1\" data-element_type=\"container\" data-e-type=\"container\">\n\t\t\t\t<div class=\"elementor-element elementor-element-db3073e elementor-widget elementor-widget-heading\" data-id=\"db3073e\" data-element_type=\"widget\" data-e-type=\"widget\" data-widget_type=\"heading.default\">\n\t\t\t\t<div class=\"elementor-widget-container\">\n\t\t\t\t\t<h4 class=\"elementor-heading-title elementor-size-default\">Baldinistudio d.o.o. <\/h4>\t\t\t\t<\/div>\n\t\t\t\t<\/div>\n\t\t\t\t<div class=\"elementor-element elementor-element-d44c9c5 elementor-widget elementor-widget-text-editor\" data-id=\"d44c9c5\" data-element_type=\"widget\" data-e-type=\"widget\" data-widget_type=\"text-editor.default\">\n\t\t\t\t<div class=\"elementor-widget-container\">\n\t\t\t\t\t\t\t\t\t<p>Pravila privatnosti daju vam uvid kako Baldinistudio d.o.o. koristi i \u0161titi sve informacije koje nam dajete kori\u0161tenjem ovog website-a.\u00a0<br \/><br \/>Baldinistudio tim jam\u010di za\u0161titu va\u0161ih podataka.<br \/>Tra\u017eimo li od vas neki podatak po kojem mo\u017eete biti identificirani, mo\u017eete biti sigurni da \u0107emo ga koristiti u skladu sa ovim pravilima privatnosti.<br \/><br \/>Baldinistudio d.o.o. mo\u017ee mijenjati ova pravila s vremena na vrijeme a\u017euriranjem ove stranice.<br \/>Provjerite ovu stranicu ukoliko \u017eelite znati \u0161to je novo i da li ste zadovoljni sa promjenama. Pravila stupaju na snagu 25. svibnja 2018.<\/p>\t\t\t\t\t\t\t\t<\/div>\n\t\t\t\t<\/div>\n\t\t\t\t<\/div>\n\t\t<div class=\"elementor-element elementor-element-9413a22 e-con-full e-flex e-con e-child\" data-id=\"9413a22\" data-element_type=\"container\" data-e-type=\"container\">\n\t\t\t\t<div class=\"elementor-element elementor-element-ac79d3f elementor-widget elementor-widget-heading\" data-id=\"ac79d3f\" data-element_type=\"widget\" data-e-type=\"widget\" data-widget_type=\"heading.default\">\n\t\t\t\t<div class=\"elementor-widget-container\">\n\t\t\t\t\t<h4 class=\"elementor-heading-title elementor-size-default\">Who are we?<\/h4>\t\t\t\t<\/div>\n\t\t\t\t<\/div>\n\t\t\t\t<div class=\"elementor-element elementor-element-57757ed elementor-widget elementor-widget-text-editor\" data-id=\"57757ed\" data-element_type=\"widget\" data-e-type=\"widget\" data-widget_type=\"text-editor.default\">\n\t\t\t\t<div class=\"elementor-widget-container\">\n\t\t\t\t\t\t\t\t\t<p>Baldinistudio d.o.o. je tvrtka preprodava\u010d i distributer softverskih rje\u0161enja osnovana u Hrvatskoj u 2003. godini.<br \/>Osim preprodaje nudimo konzultantske usluge, edukaciju i BIM softver implementaciju.<\/p>\t\t\t\t\t\t\t\t<\/div>\n\t\t\t\t<\/div>\n\t\t\t\t<\/div>\n\t\t<div class=\"elementor-element elementor-element-b1cfa45 e-con-full e-flex e-con e-child\" data-id=\"b1cfa45\" data-element_type=\"container\" data-e-type=\"container\">\n\t\t\t\t<div class=\"elementor-element elementor-element-7d8f240 elementor-widget elementor-widget-heading\" data-id=\"7d8f240\" data-element_type=\"widget\" data-e-type=\"widget\" data-widget_type=\"heading.default\">\n\t\t\t\t<div class=\"elementor-widget-container\">\n\t\t\t\t\t<h4 class=\"elementor-heading-title elementor-size-default\">\u0160to skupljamo?<\/h4>\t\t\t\t<\/div>\n\t\t\t\t<\/div>\n\t\t\t\t<div class=\"elementor-element elementor-element-28acf1c elementor-widget elementor-widget-text-editor\" data-id=\"28acf1c\" data-element_type=\"widget\" data-e-type=\"widget\" data-widget_type=\"text-editor.default\">\n\t\t\t\t<div class=\"elementor-widget-container\">\n\t\t\t\t\t\t\t\t\t<p>Koje podatke mo\u017eemo skupljati: email adresu, ime i prezime, telefonski broj \u2013 u slu\u010daju da se prijavite na na\u0161\u00a0newsletter, edukaciju, webinar ili postavite upit za uslugu\/proizvod preko web formulara.<br \/>Informacije kao \u0161to su ime, prezime, ime tvrtke, telefonski broj ukoliko nas tra\u017eite ponudu i\/ili konzultantske usluge.<\/p>\t\t\t\t\t\t\t\t<\/div>\n\t\t\t\t<\/div>\n\t\t\t\t<\/div>\n\t\t<div class=\"elementor-element elementor-element-c82da7f e-con-full e-flex e-con e-child\" data-id=\"c82da7f\" data-element_type=\"container\" data-e-type=\"container\">\n\t\t\t\t<div class=\"elementor-element elementor-element-1fc5439 elementor-widget elementor-widget-heading\" data-id=\"1fc5439\" data-element_type=\"widget\" data-e-type=\"widget\" data-widget_type=\"heading.default\">\n\t\t\t\t<div class=\"elementor-widget-container\">\n\t\t\t\t\t<h4 class=\"elementor-heading-title elementor-size-default\">\u0160to radimo sa informacijama koje skupimo?<\/h4>\t\t\t\t<\/div>\n\t\t\t\t<\/div>\n\t\t\t\t<div class=\"elementor-element elementor-element-9dbb029 elementor-widget elementor-widget-text-editor\" data-id=\"9dbb029\" data-element_type=\"widget\" data-e-type=\"widget\" data-widget_type=\"text-editor.default\">\n\t\t\t\t<div class=\"elementor-widget-container\">\n\t\t\t\t\t\t\t\t\t<p>Trebamo podatke kako bi vam poslali vi\u0161e detalja o va\u0161im podru\u010djima interesa i na\u0161oj ponudi, te za procesuiranje narud\u017ebi i poslovnih upita.<br \/><br \/>Newsletter mo\u017eete primiti naj\u010de\u0161\u0107e dva e-maila mjese\u010dno o novim ponudama, akcijama i informacijama vezanih uz struku.<\/p>\t\t\t\t\t\t\t\t<\/div>\n\t\t\t\t<\/div>\n\t\t\t\t<\/div>\n\t\t<div class=\"elementor-element elementor-element-1eaf7b5 e-con-full e-flex e-con e-child\" data-id=\"1eaf7b5\" data-element_type=\"container\" data-e-type=\"container\">\n\t\t\t\t<div class=\"elementor-element elementor-element-328d760 elementor-widget elementor-widget-heading\" data-id=\"328d760\" data-element_type=\"widget\" data-e-type=\"widget\" data-widget_type=\"heading.default\">\n\t\t\t\t<div class=\"elementor-widget-container\">\n\t\t\t\t\t<h4 class=\"elementor-heading-title elementor-size-default\">Privola pri kori\u0161tenju podataka<\/h4>\t\t\t\t<\/div>\n\t\t\t\t<\/div>\n\t\t\t\t<div class=\"elementor-element elementor-element-1dc3906 elementor-widget elementor-widget-text-editor\" data-id=\"1dc3906\" data-element_type=\"widget\" data-e-type=\"widget\" data-widget_type=\"text-editor.default\">\n\t\t\t\t<div class=\"elementor-widget-container\">\n\t\t\t\t\t\t\t\t\t<p>Uvijek \u0107emo pitati za va\u0161 pristanak kada tra\u017eimo va\u0161e osobne podatke.<\/p>\t\t\t\t\t\t\t\t<\/div>\n\t\t\t\t<\/div>\n\t\t\t\t<\/div>\n\t\t<div class=\"elementor-element elementor-element-87cd683 e-con-full e-flex e-con e-child\" data-id=\"87cd683\" data-element_type=\"container\" data-e-type=\"container\">\n\t\t\t\t<div class=\"elementor-element elementor-element-b9dc657 elementor-widget elementor-widget-heading\" data-id=\"b9dc657\" data-element_type=\"widget\" data-e-type=\"widget\" data-widget_type=\"heading.default\">\n\t\t\t\t<div class=\"elementor-widget-container\">\n\t\t\t\t\t<h4 class=\"elementor-heading-title elementor-size-default\">S kime dijelimo va\u0161e podatke?<\/h4>\t\t\t\t<\/div>\n\t\t\t\t<\/div>\n\t\t\t\t<div class=\"elementor-element elementor-element-8a2bbd6 elementor-widget elementor-widget-text-editor\" data-id=\"8a2bbd6\" data-element_type=\"widget\" data-e-type=\"widget\" data-widget_type=\"text-editor.default\">\n\t\t\t\t<div class=\"elementor-widget-container\">\n\t\t\t\t\t\t\t\t\t<div>Jedine tre\u0107e stranke koje imaju pristup va\u0161im podacima su servisi u kojima ih spremamo (CRM) i kroz koji \u0161aljemo e-po\u0161tu. Konkretno:<br \/><br \/>Spremamo va\u0161e podatke u ZOHO (CRM) servere, u vlasni\u0161tvu Zoho Corporation PVT. LTD.\u00a0<\/div>\n<div>Njihov web:\u00a0<a href=\"https:\/\/www.zoho.com\">https:\/\/www.zoho.com\u00a0<\/a><br \/>Njihova pravila privatnosti:<a href=\"https:\/\/www.zoho.com\/privacy.html\">https:\/\/www.zoho.com\/privacy.html<\/a>\u00a0<\/div>\n<div>\u00a0<\/div>\n<div>Osim tih nu\u017enih servisa, va\u0161i podaci ne\u0107e nikad biti dijeljeni ni sa kime osim ako od vas izri\u010dito ne zatra\u017eimo pristanak.\u00a0<\/div>\t\t\t\t\t\t\t\t<\/div>\n\t\t\t\t<\/div>\n\t\t\t\t<\/div>\n\t\t<div class=\"elementor-element elementor-element-5b42f75 e-con-full e-flex e-con e-child\" data-id=\"5b42f75\" data-element_type=\"container\" data-e-type=\"container\">\n\t\t\t\t<div class=\"elementor-element elementor-element-a377a60 elementor-widget elementor-widget-heading\" data-id=\"a377a60\" data-element_type=\"widget\" data-e-type=\"widget\" data-widget_type=\"heading.default\">\n\t\t\t\t<div class=\"elementor-widget-container\">\n\t\t\t\t\t<h4 class=\"elementor-heading-title elementor-size-default\">Sigurnost<\/h4>\t\t\t\t<\/div>\n\t\t\t\t<\/div>\n\t\t\t\t<div class=\"elementor-element elementor-element-49d2156 elementor-widget elementor-widget-text-editor\" data-id=\"49d2156\" data-element_type=\"widget\" data-e-type=\"widget\" data-widget_type=\"text-editor.default\">\n\t\t\t\t<div class=\"elementor-widget-container\">\n\t\t\t\t\t\t\t\t\t<p>Predani smo osiguravanju va\u0161ih podataka. Bit \u0107ete informirani ukoliko do\u0111e do ikakvog sigurnosnog propusta koji ugro\u017eavaju va\u0161e podatke.<\/p>\t\t\t\t\t\t\t\t<\/div>\n\t\t\t\t<\/div>\n\t\t\t\t<\/div>\n\t\t<div class=\"elementor-element elementor-element-8491e91 e-con-full e-flex e-con e-child\" data-id=\"8491e91\" data-element_type=\"container\" data-e-type=\"container\">\n\t\t\t\t<div class=\"elementor-element elementor-element-638e9d4 elementor-widget elementor-widget-heading\" data-id=\"638e9d4\" data-element_type=\"widget\" data-e-type=\"widget\" data-widget_type=\"heading.default\">\n\t\t\t\t<div class=\"elementor-widget-container\">\n\t\t\t\t\t<h4 class=\"elementor-heading-title elementor-size-default\">Va\u0161a prava<\/h4>\t\t\t\t<\/div>\n\t\t\t\t<\/div>\n\t\t\t\t<div class=\"elementor-element elementor-element-f7448a2 elementor-widget elementor-widget-text-editor\" data-id=\"f7448a2\" data-element_type=\"widget\" data-e-type=\"widget\" data-widget_type=\"text-editor.default\">\n\t\t\t\t<div class=\"elementor-widget-container\">\n\t\t\t\t\t\t\t\t\t<p>Va\u0161a prava su garantirana GDPR zakonom<br \/>Pravo na informaciju<br \/>Pravo na pristup<br \/>Pravo na ispravak<br \/>Pravo na brisanje<br \/>Pravo na zabranu procesuiranja<br \/>Pravo na prijenos podataka<br \/>Pravo prigovora<br \/>Prava vezana uz automatizirano odlu\u010divanje i profiliranje<\/p>\t\t\t\t\t\t\t\t<\/div>\n\t\t\t\t<\/div>\n\t\t\t\t<\/div>\n\t\t<div class=\"elementor-element elementor-element-c70a782 e-con-full e-flex e-con e-child\" data-id=\"c70a782\" data-element_type=\"container\" data-e-type=\"container\">\n\t\t\t\t<div class=\"elementor-element elementor-element-bd40b6b elementor-widget elementor-widget-heading\" data-id=\"bd40b6b\" data-element_type=\"widget\" data-e-type=\"widget\" data-widget_type=\"heading.default\">\n\t\t\t\t<div class=\"elementor-widget-container\">\n\t\t\t\t\t<h4 class=\"elementor-heading-title elementor-size-default\">\u017dalbe<\/h4>\t\t\t\t<\/div>\n\t\t\t\t<\/div>\n\t\t\t\t<div class=\"elementor-element elementor-element-59f9e64 elementor-widget elementor-widget-text-editor\" data-id=\"59f9e64\" data-element_type=\"widget\" data-e-type=\"widget\" data-widget_type=\"text-editor.default\">\n\t\t\t\t<div class=\"elementor-widget-container\">\n\t\t\t\t\t\t\t\t\t<p>Za \u017ealbe i pritu\u017ebe pi\u0161ite nam na:\u00a0<a href=\"mailto:info@baldinistudio.hr\">info@baldinistudio.hr<\/a>\u00a0<\/p>\n<p>Pobrinut \u0107emo se da odgovorimo na sva va\u0161a pitanja.<\/p>\t\t\t\t\t\t\t\t<\/div>\n\t\t\t\t<\/div>\n\t\t\t\t<\/div>\n\t\t<div class=\"elementor-element elementor-element-487aba4 e-con-full e-flex e-con e-child\" data-id=\"487aba4\" data-element_type=\"container\" data-e-type=\"container\">\n\t\t\t\t<div class=\"elementor-element elementor-element-aba451a elementor-widget elementor-widget-heading\" data-id=\"aba451a\" data-element_type=\"widget\" data-e-type=\"widget\" data-widget_type=\"heading.default\">\n\t\t\t\t<div class=\"elementor-widget-container\">\n\t\t\t\t\t<h4 class=\"elementor-heading-title elementor-size-default\">\nLinkovi na druge internetske stranice<\/h4>\t\t\t\t<\/div>\n\t\t\t\t<\/div>\n\t\t\t\t<div class=\"elementor-element elementor-element-52b3276 elementor-widget elementor-widget-text-editor\" data-id=\"52b3276\" data-element_type=\"widget\" data-e-type=\"widget\" data-widget_type=\"text-editor.default\">\n\t\t\t\t<div class=\"elementor-widget-container\">\n\t\t\t\t\t\t\t\t\t<p>Na\u0161a web stranica sadr\u017ei mnogo linkova na druge web stranice. Ukoliko kliknete na neki od linkova na na\u0161oj web stranici, nismo odgovorni za za\u0161titu va\u0161ih prava i ovaj pravilnik ne vrijedi za podatke ostavljane na tim stranicama.\u00a0<\/p>\t\t\t\t\t\t\t\t<\/div>\n\t\t\t\t<\/div>\n\t\t\t\t<\/div>\n\t\t<div class=\"elementor-element elementor-element-6e7e548 e-con-full e-flex e-con e-child\" data-id=\"6e7e548\" data-element_type=\"container\" data-e-type=\"container\">\n\t\t\t\t<div class=\"elementor-element elementor-element-ac76e97 elementor-widget elementor-widget-heading\" data-id=\"ac76e97\" data-element_type=\"widget\" data-e-type=\"widget\" data-widget_type=\"heading.default\">\n\t\t\t\t<div class=\"elementor-widget-container\">\n\t\t\t\t\t<h4 class=\"elementor-heading-title elementor-size-default\">Kontrola va\u0161ih osobnih podataka<\/h4>\t\t\t\t<\/div>\n\t\t\t\t<\/div>\n\t\t\t\t<div class=\"elementor-element elementor-element-5a99a53 elementor-widget elementor-widget-text-editor\" data-id=\"5a99a53\" data-element_type=\"widget\" data-e-type=\"widget\" data-widget_type=\"text-editor.default\">\n\t\t\t\t<div class=\"elementor-widget-container\">\n\t\t\t\t\t\t\t\t\t<p>Mo\u017eete ograni\u010diti kori\u0161tenje va\u0161ih podataka na slijede\u0107e na\u010dine:<br \/>Ne ostavljate svoje kontakte u na\u0161im obrascima. Kontaktirajte nas na <a href=\"mailto:info@baldinistudio.hr\">info@baldinistudio.hr<\/a> i zatra\u017eite da izbri\u0161emo sve ili pojedine podatke koje imamo o vama.\u00a0<\/p>\t\t\t\t\t\t\t\t<\/div>\n\t\t\t\t<\/div>\n\t\t\t\t<\/div>\n\t\t<div class=\"elementor-element elementor-element-b5cfc88 e-con-full e-flex e-con e-child\" data-id=\"b5cfc88\" data-element_type=\"container\" data-e-type=\"container\">\n\t\t\t\t<div class=\"elementor-element elementor-element-33a39f7 elementor-widget elementor-widget-text-editor\" data-id=\"33a39f7\" data-element_type=\"widget\" data-e-type=\"widget\" data-widget_type=\"text-editor.default\">\n\t\t\t\t<div class=\"elementor-widget-container\">\n\t\t\t\t\t\t\t\t\t<p>Ne\u0107emo prodavati, posu\u0111ivati ni distribuirati va\u0161e osobne podatke tre\u0107im stranama osim ako nemamo va\u0161e odobrenje ili smo podlo\u017eni zakonu koji to nala\u017ee. Ako smatrate da je ikoja informacija koju dr\u017eimo o vama nepotpuna ili neto\u010dna, molim vas pi\u0161ite nam na mail ili nas zovite \u0161to je prije mogu\u0107e.<br \/>Popravit \u0107emo informaciju u najkra\u0107em mogu\u0107em roku.<\/p>\t\t\t\t\t\t\t\t<\/div>\n\t\t\t\t<\/div>\n\t\t\t\t<\/div>\n\t\t\t\t\t<\/div>\n\t\t\t\t<\/div>\n\t\t\t\t<\/div>","protected":false},"excerpt":{"rendered":"<p>Po\u010detna Pravila privatnosti Pravila privatnosti Baldinistudio d.o.o. Pravila privatnosti daju vam uvid kako Baldinistudio d.o.o. koristi i \u0161titi sve informacije koje nam dajete kori\u0161tenjem ovog website-a.\u00a0 Baldinistudio tim jam\u010di za\u0161titu va\u0161ih podataka.Tra\u017eimo li od vas neki podatak po kojem mo\u017eete biti identificirani, mo\u017eete biti sigurni da \u0107emo ga koristiti u skladu sa ovim pravilima privatnosti. [&hellip;]<\/p>\n","protected":false},"author":1,"featured_media":0,"parent":0,"menu_order":0,"comment_status":"closed","ping_status":"closed","template":"","meta":{"_acf_changed":false,"footnotes":""},"class_list":["post-3","page","type-page","status-publish","hentry"],"acf":[],"yoast_head":"<!-- This site is optimized with the Yoast SEO plugin v27.3 - https:\/\/yoast.com\/product\/yoast-seo-wordpress\/ -->\n<title>Pravila privatnosti - Baldinistudio<\/title>\n<meta name=\"robots\" content=\"index, follow, max-snippet:-1, max-image-preview:large, max-video-preview:-1\" \/>\n<link rel=\"canonical\" href=\"https:\/\/baldinistudio.hr\/en\/pravila-privatnosti\/\" \/>\n<meta property=\"og:locale\" content=\"en_US\" \/>\n<meta property=\"og:type\" content=\"article\" \/>\n<meta property=\"og:title\" content=\"Pravila privatnosti - Baldinistudio\" \/>\n<meta property=\"og:description\" content=\"Po\u010detna Pravila privatnosti Pravila privatnosti Baldinistudio d.o.o. Pravila privatnosti daju vam uvid kako Baldinistudio d.o.o. koristi i \u0161titi sve informacije koje nam dajete kori\u0161tenjem ovog website-a.\u00a0 Baldinistudio tim jam\u010di za\u0161titu va\u0161ih podataka.Tra\u017eimo li od vas neki podatak po kojem mo\u017eete biti identificirani, mo\u017eete biti sigurni da \u0107emo ga koristiti u skladu sa ovim pravilima privatnosti. [&hellip;]\" \/>\n<meta property=\"og:url\" content=\"https:\/\/baldinistudio.hr\/en\/pravila-privatnosti\/\" \/>\n<meta property=\"og:site_name\" content=\"Baldinistudio\" \/>\n<meta property=\"article:publisher\" content=\"https:\/\/www.facebook.com\/baldinistudio\/\" \/>\n<meta property=\"article:modified_time\" content=\"2025-02-17T07:08:08+00:00\" \/>\n<meta name=\"twitter:card\" content=\"summary_large_image\" \/>\n<meta name=\"twitter:label1\" content=\"Est. reading time\" \/>\n\t<meta name=\"twitter:data1\" content=\"3 minutes\" \/>\n<script type=\"application\/ld+json\" class=\"yoast-schema-graph\">{\"@context\":\"https:\\\/\\\/schema.org\",\"@graph\":[{\"@type\":\"WebPage\",\"@id\":\"https:\\\/\\\/baldinistudio.hr\\\/pravila-privatnosti\\\/\",\"url\":\"https:\\\/\\\/baldinistudio.hr\\\/pravila-privatnosti\\\/\",\"name\":\"Pravila privatnosti - Baldinistudio\",\"isPartOf\":{\"@id\":\"https:\\\/\\\/baldinistudio.hr\\\/#website\"},\"datePublished\":\"2024-10-01T07:51:00+00:00\",\"dateModified\":\"2025-02-17T07:08:08+00:00\",\"breadcrumb\":{\"@id\":\"https:\\\/\\\/baldinistudio.hr\\\/pravila-privatnosti\\\/#breadcrumb\"},\"inLanguage\":\"en-US\",\"potentialAction\":[{\"@type\":\"ReadAction\",\"target\":[\"https:\\\/\\\/baldinistudio.hr\\\/pravila-privatnosti\\\/\"]}]},{\"@type\":\"BreadcrumbList\",\"@id\":\"https:\\\/\\\/baldinistudio.hr\\\/pravila-privatnosti\\\/#breadcrumb\",\"itemListElement\":[{\"@type\":\"ListItem\",\"position\":1,\"name\":\"Home\",\"item\":\"https:\\\/\\\/baldinistudio.hr\\\/\"},{\"@type\":\"ListItem\",\"position\":2,\"name\":\"Pravila privatnosti\"}]},{\"@type\":\"WebSite\",\"@id\":\"https:\\\/\\\/baldinistudio.hr\\\/#website\",\"url\":\"https:\\\/\\\/baldinistudio.hr\\\/\",\"name\":\"Baldinistudio\",\"description\":\"The way BIM works\",\"publisher\":{\"@id\":\"https:\\\/\\\/baldinistudio.hr\\\/#organization\"},\"potentialAction\":[{\"@type\":\"SearchAction\",\"target\":{\"@type\":\"EntryPoint\",\"urlTemplate\":\"https:\\\/\\\/baldinistudio.hr\\\/?s={search_term_string}\"},\"query-input\":{\"@type\":\"PropertyValueSpecification\",\"valueRequired\":true,\"valueName\":\"search_term_string\"}}],\"inLanguage\":\"en-US\"},{\"@type\":\"Organization\",\"@id\":\"https:\\\/\\\/baldinistudio.hr\\\/#organization\",\"name\":\"Baldinistudio\",\"url\":\"https:\\\/\\\/baldinistudio.hr\\\/\",\"logo\":{\"@type\":\"ImageObject\",\"inLanguage\":\"en-US\",\"@id\":\"https:\\\/\\\/baldinistudio.hr\\\/#\\\/schema\\\/logo\\\/image\\\/\",\"url\":\"https:\\\/\\\/baldinistudio.hr\\\/wp-content\\\/uploads\\\/2024\\\/10\\\/baldinistudio_logo.png\",\"contentUrl\":\"https:\\\/\\\/baldinistudio.hr\\\/wp-content\\\/uploads\\\/2024\\\/10\\\/baldinistudio_logo.png\",\"width\":1038,\"height\":309,\"caption\":\"Baldinistudio\"},\"image\":{\"@id\":\"https:\\\/\\\/baldinistudio.hr\\\/#\\\/schema\\\/logo\\\/image\\\/\"},\"sameAs\":[\"https:\\\/\\\/www.facebook.com\\\/baldinistudio\\\/\",\"https:\\\/\\\/www.instagram.com\\\/baldinistudio\\\/?hl=en\",\"https:\\\/\\\/hr.linkedin.com\\\/company\\\/baldinistudio\"]}]}<\/script>\n<!-- \/ Yoast SEO plugin. -->","yoast_head_json":{"title":"Pravila privatnosti - Baldinistudio","robots":{"index":"index","follow":"follow","max-snippet":"max-snippet:-1","max-image-preview":"max-image-preview:large","max-video-preview":"max-video-preview:-1"},"canonical":"https:\/\/baldinistudio.hr\/en\/pravila-privatnosti\/","og_locale":"en_US","og_type":"article","og_title":"Pravila privatnosti - Baldinistudio","og_description":"Po\u010detna Pravila privatnosti Pravila privatnosti Baldinistudio d.o.o. Pravila privatnosti daju vam uvid kako Baldinistudio d.o.o. koristi i \u0161titi sve informacije koje nam dajete kori\u0161tenjem ovog website-a.\u00a0 Baldinistudio tim jam\u010di za\u0161titu va\u0161ih podataka.Tra\u017eimo li od vas neki podatak po kojem mo\u017eete biti identificirani, mo\u017eete biti sigurni da \u0107emo ga koristiti u skladu sa ovim pravilima privatnosti. [&hellip;]","og_url":"https:\/\/baldinistudio.hr\/en\/pravila-privatnosti\/","og_site_name":"Baldinistudio","article_publisher":"https:\/\/www.facebook.com\/baldinistudio\/","article_modified_time":"2025-02-17T07:08:08+00:00","twitter_card":"summary_large_image","twitter_misc":{"Est. reading time":"3 minutes"},"schema":{"@context":"https:\/\/schema.org","@graph":[{"@type":"WebPage","@id":"https:\/\/baldinistudio.hr\/pravila-privatnosti\/","url":"https:\/\/baldinistudio.hr\/pravila-privatnosti\/","name":"Pravila privatnosti - Baldinistudio","isPartOf":{"@id":"https:\/\/baldinistudio.hr\/#website"},"datePublished":"2024-10-01T07:51:00+00:00","dateModified":"2025-02-17T07:08:08+00:00","breadcrumb":{"@id":"https:\/\/baldinistudio.hr\/pravila-privatnosti\/#breadcrumb"},"inLanguage":"en-US","potentialAction":[{"@type":"ReadAction","target":["https:\/\/baldinistudio.hr\/pravila-privatnosti\/"]}]},{"@type":"BreadcrumbList","@id":"https:\/\/baldinistudio.hr\/pravila-privatnosti\/#breadcrumb","itemListElement":[{"@type":"ListItem","position":1,"name":"Home","item":"https:\/\/baldinistudio.hr\/"},{"@type":"ListItem","position":2,"name":"Pravila privatnosti"}]},{"@type":"WebSite","@id":"https:\/\/baldinistudio.hr\/#website","url":"https:\/\/baldinistudio.hr\/","name":"Baldinistudio","description":"The way BIM works","publisher":{"@id":"https:\/\/baldinistudio.hr\/#organization"},"potentialAction":[{"@type":"SearchAction","target":{"@type":"EntryPoint","urlTemplate":"https:\/\/baldinistudio.hr\/?s={search_term_string}"},"query-input":{"@type":"PropertyValueSpecification","valueRequired":true,"valueName":"search_term_string"}}],"inLanguage":"en-US"},{"@type":"Organization","@id":"https:\/\/baldinistudio.hr\/#organization","name":"Baldinistudio","url":"https:\/\/baldinistudio.hr\/","logo":{"@type":"ImageObject","inLanguage":"en-US","@id":"https:\/\/baldinistudio.hr\/#\/schema\/logo\/image\/","url":"https:\/\/baldinistudio.hr\/wp-content\/uploads\/2024\/10\/baldinistudio_logo.png","contentUrl":"https:\/\/baldinistudio.hr\/wp-content\/uploads\/2024\/10\/baldinistudio_logo.png","width":1038,"height":309,"caption":"Baldinistudio"},"image":{"@id":"https:\/\/baldinistudio.hr\/#\/schema\/logo\/image\/"},"sameAs":["https:\/\/www.facebook.com\/baldinistudio\/","https:\/\/www.instagram.com\/baldinistudio\/?hl=en","https:\/\/hr.linkedin.com\/company\/baldinistudio"]}]}},"_links":{"self":[{"href":"https:\/\/baldinistudio.hr\/en\/wp-json\/wp\/v2\/pages\/3","targetHints":{"allow":["GET"]}}],"collection":[{"href":"https:\/\/baldinistudio.hr\/en\/wp-json\/wp\/v2\/pages"}],"about":[{"href":"https:\/\/baldinistudio.hr\/en\/wp-json\/wp\/v2\/types\/page"}],"author":[{"embeddable":true,"href":"https:\/\/baldinistudio.hr\/en\/wp-json\/wp\/v2\/users\/1"}],"replies":[{"embeddable":true,"href":"https:\/\/baldinistudio.hr\/en\/wp-json\/wp\/v2\/comments?post=3"}],"version-history":[{"count":13,"href":"https:\/\/baldinistudio.hr\/en\/wp-json\/wp\/v2\/pages\/3\/revisions"}],"predecessor-version":[{"id":3221,"href":"https:\/\/baldinistudio.hr\/en\/wp-json\/wp\/v2\/pages\/3\/revisions\/3221"}],"wp:attachment":[{"href":"https:\/\/baldinistudio.hr\/en\/wp-json\/wp\/v2\/media?parent=3"}],"curies":[{"name":"wp","href":"https:\/\/api.w.org\/{rel}","templated":true}]}}