{"id":4048,"date":"2025-07-30T11:24:42","date_gmt":"2025-07-30T11:24:42","guid":{"rendered":"https:\/\/baldinistudio.hr\/kosarica\/"},"modified":"2025-07-31T09:02:42","modified_gmt":"2025-07-31T09:02:42","slug":"kosarica","status":"publish","type":"page","link":"https:\/\/baldinistudio.hr\/en\/kosarica\/","title":{"rendered":"Ko\u0161arica"},"content":{"rendered":"<div data-elementor-type=\"wp-page\" data-elementor-id=\"4048\" class=\"elementor elementor-4048\" data-elementor-post-type=\"page\">\n\t\t\t\t<div class=\"elementor-element elementor-element-283af3a e-flex e-con-boxed e-con e-parent\" data-id=\"283af3a\" data-element_type=\"container\" data-e-type=\"container\" data-settings=\"{&quot;background_background&quot;:&quot;gradient&quot;}\">\n\t\t\t\t\t<div class=\"e-con-inner\">\n\t\t\t\t<div class=\"elementor-element elementor-element-bb514e2 elementor-widget elementor-widget-image\" data-id=\"bb514e2\" data-element_type=\"widget\" data-e-type=\"widget\" data-widget_type=\"image.default\">\n\t\t\t\t<div class=\"elementor-widget-container\">\n\t\t\t\t\t\t\t\t\t\t\t\t\t\t\t\t<a href=\"https:\/\/baldinistudio.hr\/en\">\n\t\t\t\t\t\t\t<img fetchpriority=\"high\" decoding=\"async\" width=\"1059\" height=\"329\" src=\"https:\/\/baldinistudio.hr\/wp-content\/uploads\/2024\/10\/baldinistudio_logo_vert_neg.png\" class=\"attachment-full size-full wp-image-50\" alt=\"\" srcset=\"https:\/\/baldinistudio.hr\/wp-content\/uploads\/2024\/10\/baldinistudio_logo_vert_neg.png 1059w, https:\/\/baldinistudio.hr\/wp-content\/uploads\/2024\/10\/baldinistudio_logo_vert_neg-600x186.png 600w, https:\/\/baldinistudio.hr\/wp-content\/uploads\/2024\/10\/baldinistudio_logo_vert_neg-300x93.png 300w, https:\/\/baldinistudio.hr\/wp-content\/uploads\/2024\/10\/baldinistudio_logo_vert_neg-1024x318.png 1024w, https:\/\/baldinistudio.hr\/wp-content\/uploads\/2024\/10\/baldinistudio_logo_vert_neg-768x239.png 768w\" sizes=\"(max-width: 1059px) 100vw, 1059px\" \/>\t\t\t\t\t\t\t\t<\/a>\n\t\t\t\t\t\t\t\t\t\t\t\t\t\t\t<\/div>\n\t\t\t\t<\/div>\n\t\t\t\t<div class=\"elementor-element elementor-element-5daca7e e-cart-layout-two-column elementor-widget elementor-widget-woocommerce-cart\" data-id=\"5daca7e\" data-element_type=\"widget\" data-e-type=\"widget\" data-settings=\"{&quot;update_cart_automatically&quot;:&quot;yes&quot;}\" data-widget_type=\"woocommerce-cart.default\">\n\t\t\t\t<div class=\"elementor-widget-container\">\n\t\t\t\t\t<div class=\"woocommerce\"><div class=\"woocommerce-notices-wrapper\"><\/div><div class=\"wc-empty-cart-message\">\n\t<div class=\"cart-empty woocommerce-info\" role=\"status\">\n\t\tYour cart is currently empty.\t<\/div>\n<\/div>\t<p class=\"return-to-shop\">\n\t\t<a class=\"button wc-backward\" href=\"https:\/\/baldinistudio.hr\/en\/trgovina\/\">\n\t\t\tReturn to shop\t\t<\/a>\n\t<\/p>\n<\/div>\t\t\t\t<\/div>\n\t\t\t\t<\/div>\n\t\t\t\t\t<\/div>\n\t\t\t\t<\/div>\n\t\t\t\t<\/div>","protected":false},"excerpt":{"rendered":"<p>Ukloni stavku Sli\u010dica Proizvod Cijena Koli\u010dina Ukupno &times; Bluebeam Complete 380,00&nbsp;&euro; Bluebeam Complete koli\u010dina 760,00&nbsp;&euro; &times; Bluebeam Core 285,00&nbsp;&euro; Bluebeam Core koli\u010dina 285,00&nbsp;&euro; Ukupno u ko\u0161arici Ukupno 1.045,00&nbsp;&euro; Ukupno 1.045,00&nbsp;&euro; Nastavi na pla\u0107anje<\/p>","protected":false},"author":1,"featured_media":0,"parent":0,"menu_order":0,"comment_status":"closed","ping_status":"closed","template":"","meta":{"_acf_changed":false,"footnotes":""},"class_list":["post-4048","page","type-page","status-publish","hentry"],"acf":[],"yoast_head":"<!-- This site is optimized with the Yoast SEO plugin v27.3 - https:\/\/yoast.com\/product\/yoast-seo-wordpress\/ -->\n<title>Ko\u0161arica - Baldinistudio<\/title>\n<meta name=\"robots\" content=\"index, follow, max-snippet:-1, max-image-preview:large, max-video-preview:-1\" \/>\n<link rel=\"canonical\" href=\"https:\/\/baldinistudio.hr\/en\/kosarica\/\" \/>\n<meta property=\"og:locale\" content=\"en_US\" \/>\n<meta property=\"og:type\" content=\"article\" \/>\n<meta property=\"og:title\" content=\"Ko\u0161arica - Baldinistudio\" \/>\n<meta property=\"og:description\" content=\"Ukloni stavku Sli\u010dica Proizvod Cijena Koli\u010dina Ukupno &times; Bluebeam Complete 380,00&nbsp;&euro; Bluebeam Complete koli\u010dina 760,00&nbsp;&euro; &times; Bluebeam Core 285,00&nbsp;&euro; Bluebeam Core koli\u010dina 285,00&nbsp;&euro; Ukupno u ko\u0161arici Ukupno 1.045,00&nbsp;&euro; Ukupno 1.045,00&nbsp;&euro; Nastavi na pla\u0107anje\" \/>\n<meta property=\"og:url\" content=\"https:\/\/baldinistudio.hr\/en\/kosarica\/\" \/>\n<meta property=\"og:site_name\" content=\"Baldinistudio\" \/>\n<meta property=\"article:publisher\" content=\"https:\/\/www.facebook.com\/baldinistudio\/\" \/>\n<meta property=\"article:modified_time\" content=\"2025-07-31T09:02:42+00:00\" \/>\n<meta property=\"og:image\" content=\"https:\/\/baldinistudio.hr\/wp-content\/uploads\/2024\/10\/baldinistudio_logo_vert_neg.png\" \/>\n\t<meta property=\"og:image:width\" content=\"1059\" \/>\n\t<meta property=\"og:image:height\" content=\"329\" \/>\n\t<meta property=\"og:image:type\" content=\"image\/png\" \/>\n<meta name=\"twitter:card\" content=\"summary_large_image\" \/>\n<meta name=\"twitter:label1\" content=\"Est. reading time\" \/>\n\t<meta name=\"twitter:data1\" content=\"1 minute\" \/>\n<script type=\"application\/ld+json\" class=\"yoast-schema-graph\">{\"@context\":\"https:\\\/\\\/schema.org\",\"@graph\":[{\"@type\":\"WebPage\",\"@id\":\"https:\\\/\\\/baldinistudio.hr\\\/kosarica\\\/\",\"url\":\"https:\\\/\\\/baldinistudio.hr\\\/kosarica\\\/\",\"name\":\"Ko\u0161arica - Baldinistudio\",\"isPartOf\":{\"@id\":\"https:\\\/\\\/baldinistudio.hr\\\/#website\"},\"primaryImageOfPage\":{\"@id\":\"https:\\\/\\\/baldinistudio.hr\\\/kosarica\\\/#primaryimage\"},\"image\":{\"@id\":\"https:\\\/\\\/baldinistudio.hr\\\/kosarica\\\/#primaryimage\"},\"thumbnailUrl\":\"https:\\\/\\\/baldinistudio.hr\\\/wp-content\\\/uploads\\\/2024\\\/10\\\/baldinistudio_logo_vert_neg.png\",\"datePublished\":\"2025-07-30T11:24:42+00:00\",\"dateModified\":\"2025-07-31T09:02:42+00:00\",\"breadcrumb\":{\"@id\":\"https:\\\/\\\/baldinistudio.hr\\\/kosarica\\\/#breadcrumb\"},\"inLanguage\":\"en-US\",\"potentialAction\":[{\"@type\":\"ReadAction\",\"target\":[\"https:\\\/\\\/baldinistudio.hr\\\/kosarica\\\/\"]}]},{\"@type\":\"ImageObject\",\"inLanguage\":\"en-US\",\"@id\":\"https:\\\/\\\/baldinistudio.hr\\\/kosarica\\\/#primaryimage\",\"url\":\"https:\\\/\\\/baldinistudio.hr\\\/wp-content\\\/uploads\\\/2024\\\/10\\\/baldinistudio_logo_vert_neg.png\",\"contentUrl\":\"https:\\\/\\\/baldinistudio.hr\\\/wp-content\\\/uploads\\\/2024\\\/10\\\/baldinistudio_logo_vert_neg.png\"},{\"@type\":\"BreadcrumbList\",\"@id\":\"https:\\\/\\\/baldinistudio.hr\\\/kosarica\\\/#breadcrumb\",\"itemListElement\":[{\"@type\":\"ListItem\",\"position\":1,\"name\":\"Home\",\"item\":\"https:\\\/\\\/baldinistudio.hr\\\/\"},{\"@type\":\"ListItem\",\"position\":2,\"name\":\"Ko\u0161arica\"}]},{\"@type\":\"WebSite\",\"@id\":\"https:\\\/\\\/baldinistudio.hr\\\/#website\",\"url\":\"https:\\\/\\\/baldinistudio.hr\\\/\",\"name\":\"Baldinistudio\",\"description\":\"The way BIM works\",\"publisher\":{\"@id\":\"https:\\\/\\\/baldinistudio.hr\\\/#organization\"},\"potentialAction\":[{\"@type\":\"SearchAction\",\"target\":{\"@type\":\"EntryPoint\",\"urlTemplate\":\"https:\\\/\\\/baldinistudio.hr\\\/?s={search_term_string}\"},\"query-input\":{\"@type\":\"PropertyValueSpecification\",\"valueRequired\":true,\"valueName\":\"search_term_string\"}}],\"inLanguage\":\"en-US\"},{\"@type\":\"Organization\",\"@id\":\"https:\\\/\\\/baldinistudio.hr\\\/#organization\",\"name\":\"Baldinistudio\",\"url\":\"https:\\\/\\\/baldinistudio.hr\\\/\",\"logo\":{\"@type\":\"ImageObject\",\"inLanguage\":\"en-US\",\"@id\":\"https:\\\/\\\/baldinistudio.hr\\\/#\\\/schema\\\/logo\\\/image\\\/\",\"url\":\"https:\\\/\\\/baldinistudio.hr\\\/wp-content\\\/uploads\\\/2024\\\/10\\\/baldinistudio_logo.png\",\"contentUrl\":\"https:\\\/\\\/baldinistudio.hr\\\/wp-content\\\/uploads\\\/2024\\\/10\\\/baldinistudio_logo.png\",\"width\":1038,\"height\":309,\"caption\":\"Baldinistudio\"},\"image\":{\"@id\":\"https:\\\/\\\/baldinistudio.hr\\\/#\\\/schema\\\/logo\\\/image\\\/\"},\"sameAs\":[\"https:\\\/\\\/www.facebook.com\\\/baldinistudio\\\/\",\"https:\\\/\\\/www.instagram.com\\\/baldinistudio\\\/?hl=en\",\"https:\\\/\\\/hr.linkedin.com\\\/company\\\/baldinistudio\"]}]}<\/script>\n<!-- \/ Yoast SEO plugin. -->","yoast_head_json":{"title":"Ko\u0161arica - Baldinistudio","robots":{"index":"index","follow":"follow","max-snippet":"max-snippet:-1","max-image-preview":"max-image-preview:large","max-video-preview":"max-video-preview:-1"},"canonical":"https:\/\/baldinistudio.hr\/en\/kosarica\/","og_locale":"en_US","og_type":"article","og_title":"Ko\u0161arica - Baldinistudio","og_description":"Ukloni stavku Sli\u010dica Proizvod Cijena Koli\u010dina Ukupno &times; Bluebeam Complete 380,00&nbsp;&euro; Bluebeam Complete koli\u010dina 760,00&nbsp;&euro; &times; Bluebeam Core 285,00&nbsp;&euro; Bluebeam Core koli\u010dina 285,00&nbsp;&euro; Ukupno u ko\u0161arici Ukupno 1.045,00&nbsp;&euro; Ukupno 1.045,00&nbsp;&euro; Nastavi na pla\u0107anje","og_url":"https:\/\/baldinistudio.hr\/en\/kosarica\/","og_site_name":"Baldinistudio","article_publisher":"https:\/\/www.facebook.com\/baldinistudio\/","article_modified_time":"2025-07-31T09:02:42+00:00","og_image":[{"width":1059,"height":329,"url":"https:\/\/baldinistudio.hr\/wp-content\/uploads\/2024\/10\/baldinistudio_logo_vert_neg.png","type":"image\/png"}],"twitter_card":"summary_large_image","twitter_misc":{"Est. reading time":"1 minute"},"schema":{"@context":"https:\/\/schema.org","@graph":[{"@type":"WebPage","@id":"https:\/\/baldinistudio.hr\/kosarica\/","url":"https:\/\/baldinistudio.hr\/kosarica\/","name":"Ko\u0161arica - Baldinistudio","isPartOf":{"@id":"https:\/\/baldinistudio.hr\/#website"},"primaryImageOfPage":{"@id":"https:\/\/baldinistudio.hr\/kosarica\/#primaryimage"},"image":{"@id":"https:\/\/baldinistudio.hr\/kosarica\/#primaryimage"},"thumbnailUrl":"https:\/\/baldinistudio.hr\/wp-content\/uploads\/2024\/10\/baldinistudio_logo_vert_neg.png","datePublished":"2025-07-30T11:24:42+00:00","dateModified":"2025-07-31T09:02:42+00:00","breadcrumb":{"@id":"https:\/\/baldinistudio.hr\/kosarica\/#breadcrumb"},"inLanguage":"en-US","potentialAction":[{"@type":"ReadAction","target":["https:\/\/baldinistudio.hr\/kosarica\/"]}]},{"@type":"ImageObject","inLanguage":"en-US","@id":"https:\/\/baldinistudio.hr\/kosarica\/#primaryimage","url":"https:\/\/baldinistudio.hr\/wp-content\/uploads\/2024\/10\/baldinistudio_logo_vert_neg.png","contentUrl":"https:\/\/baldinistudio.hr\/wp-content\/uploads\/2024\/10\/baldinistudio_logo_vert_neg.png"},{"@type":"BreadcrumbList","@id":"https:\/\/baldinistudio.hr\/kosarica\/#breadcrumb","itemListElement":[{"@type":"ListItem","position":1,"name":"Home","item":"https:\/\/baldinistudio.hr\/"},{"@type":"ListItem","position":2,"name":"Ko\u0161arica"}]},{"@type":"WebSite","@id":"https:\/\/baldinistudio.hr\/#website","url":"https:\/\/baldinistudio.hr\/","name":"Baldinistudio","description":"The way BIM works","publisher":{"@id":"https:\/\/baldinistudio.hr\/#organization"},"potentialAction":[{"@type":"SearchAction","target":{"@type":"EntryPoint","urlTemplate":"https:\/\/baldinistudio.hr\/?s={search_term_string}"},"query-input":{"@type":"PropertyValueSpecification","valueRequired":true,"valueName":"search_term_string"}}],"inLanguage":"en-US"},{"@type":"Organization","@id":"https:\/\/baldinistudio.hr\/#organization","name":"Baldinistudio","url":"https:\/\/baldinistudio.hr\/","logo":{"@type":"ImageObject","inLanguage":"en-US","@id":"https:\/\/baldinistudio.hr\/#\/schema\/logo\/image\/","url":"https:\/\/baldinistudio.hr\/wp-content\/uploads\/2024\/10\/baldinistudio_logo.png","contentUrl":"https:\/\/baldinistudio.hr\/wp-content\/uploads\/2024\/10\/baldinistudio_logo.png","width":1038,"height":309,"caption":"Baldinistudio"},"image":{"@id":"https:\/\/baldinistudio.hr\/#\/schema\/logo\/image\/"},"sameAs":["https:\/\/www.facebook.com\/baldinistudio\/","https:\/\/www.instagram.com\/baldinistudio\/?hl=en","https:\/\/hr.linkedin.com\/company\/baldinistudio"]}]}},"_links":{"self":[{"href":"https:\/\/baldinistudio.hr\/en\/wp-json\/wp\/v2\/pages\/4048","targetHints":{"allow":["GET"]}}],"collection":[{"href":"https:\/\/baldinistudio.hr\/en\/wp-json\/wp\/v2\/pages"}],"about":[{"href":"https:\/\/baldinistudio.hr\/en\/wp-json\/wp\/v2\/types\/page"}],"author":[{"embeddable":true,"href":"https:\/\/baldinistudio.hr\/en\/wp-json\/wp\/v2\/users\/1"}],"replies":[{"embeddable":true,"href":"https:\/\/baldinistudio.hr\/en\/wp-json\/wp\/v2\/comments?post=4048"}],"version-history":[{"count":64,"href":"https:\/\/baldinistudio.hr\/en\/wp-json\/wp\/v2\/pages\/4048\/revisions"}],"predecessor-version":[{"id":4211,"href":"https:\/\/baldinistudio.hr\/en\/wp-json\/wp\/v2\/pages\/4048\/revisions\/4211"}],"wp:attachment":[{"href":"https:\/\/baldinistudio.hr\/en\/wp-json\/wp\/v2\/media?parent=4048"}],"curies":[{"name":"wp","href":"https:\/\/api.w.org\/{rel}","templated":true}]}}